{"id":10310,"date":"2024-11-07T14:27:37","date_gmt":"2024-11-07T14:27:37","guid":{"rendered":"https:\/\/quizfragor.se\/?page_id=10310"},"modified":"2026-03-24T10:07:44","modified_gmt":"2026-03-24T10:07:44","slug":"contact","status":"publish","type":"page","link":"https:\/\/quizfragor.se\/en\/contact\/","title":{"rendered":"Contact us"},"content":{"rendered":"<div id=\"fws_69e4ef727649e\"  data-column-margin=\"default\" data-midnight=\"dark\"  class=\"wpb_row vc_row-fluid vc_row\"  style=\"padding-top: 0px; padding-bottom: 0px; \"><div class=\"row-bg-wrap\" data-bg-animation=\"none\" data-bg-animation-delay=\"\" data-bg-overlay=\"false\"><div class=\"inner-wrap row-bg-layer\" ><div class=\"row-bg viewport-desktop\"  style=\"\"><\/div><\/div><\/div><div class=\"row_col_wrap_12 col span_12 dark left\">\n\t<div  class=\"vc_col-sm-12 wpb_column column_container vc_column_container col no-extra-padding inherit_tablet inherit_phone\"  data-padding-pos=\"all\" data-has-bg-color=\"false\" data-bg-color=\"\" data-bg-opacity=\"1\" data-animation=\"\" data-delay=\"0\" >\n\t\t<div class=\"vc_column-inner\" >\n\t\t\t<div class=\"wpb_wrapper\">\n\t\t\t\t\n<div class=\"wpb_text_column wpb_content_element\" >\n\t<div class=\"wpb_wrapper\">\n\t\t<div class=\"aioseo-breadcrumbs\"><span class=\"aioseo-breadcrumb\">\n\tHome\n<\/span><\/div>\n\t<\/div>\n<\/div>\n\n\n\n\n\t\t\t<\/div> \n\t\t<\/div>\n\t<\/div> \n<\/div><\/div>\n\t\t<div id=\"fws_69e4ef7276ba5\"  data-column-margin=\"default\" data-midnight=\"dark\"  class=\"wpb_row vc_row-fluid vc_row\"  style=\"padding-top: 0px; padding-bottom: 0px; \"><div class=\"row-bg-wrap\" data-bg-animation=\"none\" data-bg-animation-delay=\"\" data-bg-overlay=\"false\"><div class=\"inner-wrap row-bg-layer\" ><div class=\"row-bg viewport-desktop\"  style=\"\"><\/div><\/div><\/div><div class=\"row_col_wrap_12 col span_12 dark left\">\n\t<div  class=\"vc_col-sm-12 wpb_column column_container vc_column_container col no-extra-padding inherit_tablet inherit_phone\"  data-padding-pos=\"all\" data-has-bg-color=\"false\" data-bg-color=\"\" data-bg-opacity=\"1\" data-animation=\"\" data-delay=\"0\" >\n\t\t<div class=\"vc_column-inner\" >\n\t\t\t<div class=\"wpb_wrapper\">\n\t\t\t\t\n<div class=\"wpb_text_column wpb_content_element\" >\n\t<div class=\"wpb_wrapper\">\n\t\t\t<\/div>\n<\/div>\n\n\n\n\n\t\t\t<\/div> \n\t\t<\/div>\n\t<\/div> \n<\/div><\/div>\n\t\t<div id=\"fws_69e4ef7276d23\"  data-column-margin=\"default\" data-midnight=\"dark\"  class=\"wpb_row vc_row-fluid vc_row\"  style=\"padding-top: 0px; padding-bottom: 0px; \"><div class=\"row-bg-wrap\" data-bg-animation=\"none\" data-bg-animation-delay=\"\" data-bg-overlay=\"false\"><div class=\"inner-wrap row-bg-layer\" ><div class=\"row-bg viewport-desktop\"  style=\"\"><\/div><\/div><\/div><div class=\"row_col_wrap_12 col span_12 dark left\">\n\t<div  class=\"vc_col-sm-12 wpb_column column_container vc_column_container col no-extra-padding inherit_tablet inherit_phone\"  data-padding-pos=\"all\" data-has-bg-color=\"false\" data-bg-color=\"\" data-bg-opacity=\"1\" data-animation=\"\" data-delay=\"0\" >\n\t\t<div class=\"vc_column-inner\" >\n\t\t\t<div class=\"wpb_wrapper\">\n\t\t\t\t\n<div class=\"wpb_text_column wpb_content_element\" >\n\t<div class=\"wpb_wrapper\">\n\t\t<h1><strong>Contact us at<\/strong><\/h1>\n<p>If you are interested in a collaboration or have questions, please feel free to contact us via email at <strong>letswork@upfront24.com<\/strong><\/p>\n<h3>Opening hours of the support centre:<\/h3>\n<p>Monday - Friday: 09:00 - 17:00<br \/>\nSaturday - Sunday: Closed<\/p>\n<p>We endeavour to respond to all enquiries within 24 hours on weekdays.<\/p>\n<h3>Follow us on social media<\/h3>\n<p>Keep up to date with the latest news, reviews and gambling-related events by following us on our social channels.<\/p>\n<h3>Do you have a specific question?<\/h3>\n<p>Please visit our FAQ page where we have collected answers to the most frequently asked questions to help you quickly and easily.<\/p>\n<p>We look forward to hearing from you!<\/p>\n\t<\/div>\n<\/div>\n\n\n\n\n\t\t\t<\/div> \n\t\t<\/div>\n\t<\/div> \n<\/div><\/div>","protected":false},"excerpt":{"rendered":"Hem Kontakta oss \u00c4r du intresserad av ett samarbete eller har fr\u00e5gor \u00e4r du varmt v\u00e4lkommen att kontakta oss via e-post p\u00e5 letswork@upfront24.com Supportens \u00f6ppettider: M\u00e5ndag \u2013 fredag: 09:00 \u2013 17:00 L\u00f6rdag \u2013 s\u00f6ndag: St\u00e4ngt Vi str\u00e4var efter att besvara alla f\u00f6rfr\u00e5gningar inom 24 timmar under vardagar. F\u00f6lj oss p\u00e5 sociala medier H\u00e5ll dig uppdaterad med de senaste nyheterna, recensionerna och spelrelaterade evenemangen genom att f\u00f6lja oss p\u00e5 v\u00e5ra sociala...","protected":false},"author":7,"featured_media":0,"parent":0,"menu_order":0,"comment_status":"closed","ping_status":"closed","template":"","meta":{"_acf_changed":false,"inline_featured_image":false,"_glsr_average":0,"_glsr_ranking":0,"_glsr_reviews":0,"footnotes":""},"class_list":["post-10310","page","type-page","status-publish"],"acf":[],"aioseo_notices":[],"aioseo_head":"\n\t\t<!-- All in One SEO Pro 4.8.1.1 - aioseo.com -->\n\t<meta name=\"description\" content=\"Kontakt med quizfragor.se \u2013 H\u00f6r av dig via e-post f\u00f6r samarbeten, support och fr\u00e5gor. Vi svarar snabbt och hj\u00e4lper dig g\u00e4rna med allt kring sportsforums\" \/>\n\t<meta name=\"robots\" content=\"max-image-preview:large\" \/>\n\t<link rel=\"canonical\" href=\"https:\/\/quizfragor.se\/en\/contact\/\" \/>\n\t<meta name=\"generator\" content=\"All in One SEO Pro (AIOSEO) 4.8.1.1\" \/>\n\t\t<meta property=\"og:locale\" content=\"en_GB\" \/>\n\t\t<meta property=\"og:site_name\" content=\"Quizfragor -\" \/>\n\t\t<meta property=\"og:type\" content=\"website\" \/>\n\t\t<meta property=\"og:title\" content=\"Kontakt \u2013 Kontakta quizfragor f\u00f6r samarbeten och support\" \/>\n\t\t<meta property=\"og:description\" content=\"Kontakt med quizfragor.se \u2013 H\u00f6r av dig via e-post f\u00f6r samarbeten, support och fr\u00e5gor. Vi svarar snabbt och hj\u00e4lper dig g\u00e4rna med allt kring sportsforums\" \/>\n\t\t<meta property=\"og:url\" content=\"https:\/\/quizfragor.se\/en\/contact\/\" \/>\n\t\t<meta property=\"og:image\" content=\"https:\/\/quizfragor.se\/wp-content\/uploads\/2025\/09\/sportsforum-logo-for-seo.webp\" \/>\n\t\t<meta property=\"og:image:secure_url\" content=\"https:\/\/quizfragor.se\/wp-content\/uploads\/2025\/09\/sportsforum-logo-for-seo.webp\" \/>\n\t\t<meta name=\"twitter:card\" content=\"summary_large_image\" \/>\n\t\t<meta name=\"twitter:site\" content=\"@MarekProch97105\" \/>\n\t\t<meta name=\"twitter:title\" content=\"Kontakt \u2013 Kontakta quizfragor f\u00f6r samarbeten och support\" \/>\n\t\t<meta name=\"twitter:description\" content=\"Kontakt med quizfragor.se \u2013 H\u00f6r av dig via e-post f\u00f6r samarbeten, support och fr\u00e5gor. Vi svarar snabbt och hj\u00e4lper dig g\u00e4rna med allt kring sportsforums\" \/>\n\t\t<meta name=\"twitter:creator\" content=\"@MarekProch97105\" \/>\n\t\t<meta name=\"twitter:image\" content=\"https:\/\/quizfragor.se\/wp-content\/uploads\/2025\/09\/sportsforum-logo-for-seo.webp\" \/>\n\t\t<script type=\"application\/ld+json\" class=\"aioseo-schema\">\n\t\t\t{\"@context\":\"https:\\\/\\\/schema.org\",\"@graph\":[{\"@type\":\"BreadcrumbList\",\"@id\":\"https:\\\/\\\/quizfragor.se\\\/en\\\/contact\\\/#breadcrumblist\",\"itemListElement\":[{\"@type\":\"ListItem\",\"@id\":\"https:\\\/\\\/quizfragor.se\\\/en\\\/#listItem\",\"position\":1,\"name\":\"Home\",\"item\":\"https:\\\/\\\/quizfragor.se\\\/en\\\/\",\"nextItem\":{\"@type\":\"ListItem\",\"@id\":\"https:\\\/\\\/quizfragor.se\\\/en\\\/contact\\\/#listItem\",\"name\":\"Kontakt\"}},{\"@type\":\"ListItem\",\"@id\":\"https:\\\/\\\/quizfragor.se\\\/en\\\/contact\\\/#listItem\",\"position\":2,\"name\":\"Kontakt\",\"previousItem\":{\"@type\":\"ListItem\",\"@id\":\"https:\\\/\\\/quizfragor.se\\\/en\\\/#listItem\",\"name\":\"Home\"}}]},{\"@type\":\"Organization\",\"@id\":\"https:\\\/\\\/quizfragor.se\\\/en\\\/#organization\",\"name\":\"Quizfragor\",\"url\":\"https:\\\/\\\/quizfragor.se\\\/en\\\/\",\"sameAs\":[\"https:\\\/\\\/x.com\\\/MarekProch97105\",\"https:\\\/\\\/www.linkedin.com\\\/in\\\/marek-prochzka-a44875328\\\/\"]},{\"@type\":\"WebPage\",\"@id\":\"https:\\\/\\\/quizfragor.se\\\/en\\\/contact\\\/#webpage\",\"url\":\"https:\\\/\\\/quizfragor.se\\\/en\\\/contact\\\/\",\"name\":\"Kontakt \\u2013 Kontakta quizfragor f\\u00f6r samarbeten och support\",\"description\":\"Kontakt med quizfragor.se \\u2013 H\\u00f6r av dig via e-post f\\u00f6r samarbeten, support och fr\\u00e5gor. Vi svarar snabbt och hj\\u00e4lper dig g\\u00e4rna med allt kring sportsforums\",\"inLanguage\":\"en-GB\",\"isPartOf\":{\"@id\":\"https:\\\/\\\/quizfragor.se\\\/en\\\/#website\"},\"breadcrumb\":{\"@id\":\"https:\\\/\\\/quizfragor.se\\\/en\\\/contact\\\/#breadcrumblist\"},\"datePublished\":\"2024-11-07T14:27:37+00:00\",\"dateModified\":\"2026-03-24T10:07:44+00:00\"},{\"@type\":\"WebSite\",\"@id\":\"https:\\\/\\\/quizfragor.se\\\/en\\\/#website\",\"url\":\"https:\\\/\\\/quizfragor.se\\\/en\\\/\",\"name\":\"Quizfragor\",\"inLanguage\":\"en-GB\",\"publisher\":{\"@id\":\"https:\\\/\\\/quizfragor.se\\\/en\\\/#organization\"}}]}\n\t\t<\/script>\n\t\t<!-- All in One SEO Pro -->\r\n\t\t<title>Kontakt \u2013 Kontakta quizfragor f\u00f6r samarbeten och support<\/title>\n\n","aioseo_head_json":{"title":"Contact - Contact quizfragor for co-operation and support","description":"Contact with quizfragor.se - Contact us by e-mail for co-operation, support and questions. We respond quickly and are happy to help you with everything about sports forums","canonical_url":"https:\/\/quizfragor.se\/en\/contact\/","robots":"max-image-preview:large","keywords":"","webmasterTools":{"miscellaneous":""},"schema":{"@context":"https:\/\/schema.org","@graph":[{"@type":"BreadcrumbList","@id":"https:\/\/quizfragor.se\/en\/contact\/#breadcrumblist","itemListElement":[{"@type":"ListItem","@id":"https:\/\/quizfragor.se\/en\/#listItem","position":1,"name":"Home","item":"https:\/\/quizfragor.se\/en\/","nextItem":{"@type":"ListItem","@id":"https:\/\/quizfragor.se\/en\/contact\/#listItem","name":"Kontakt"}},{"@type":"ListItem","@id":"https:\/\/quizfragor.se\/en\/contact\/#listItem","position":2,"name":"Kontakt","previousItem":{"@type":"ListItem","@id":"https:\/\/quizfragor.se\/en\/#listItem","name":"Home"}}]},{"@type":"Organization","@id":"https:\/\/quizfragor.se\/en\/#organization","name":"Quizfragor","url":"https:\/\/quizfragor.se\/en\/","sameAs":["https:\/\/x.com\/MarekProch97105","https:\/\/www.linkedin.com\/in\/marek-prochzka-a44875328\/"]},{"@type":"WebPage","@id":"https:\/\/quizfragor.se\/en\/contact\/#webpage","url":"https:\/\/quizfragor.se\/en\/contact\/","name":"Kontakt \u2013 Kontakta quizfragor f\u00f6r samarbeten och support","description":"Kontakt med quizfragor.se \u2013 H\u00f6r av dig via e-post f\u00f6r samarbeten, support och fr\u00e5gor. Vi svarar snabbt och hj\u00e4lper dig g\u00e4rna med allt kring sportsforums","inLanguage":"en-GB","isPartOf":{"@id":"https:\/\/quizfragor.se\/en\/#website"},"breadcrumb":{"@id":"https:\/\/quizfragor.se\/en\/contact\/#breadcrumblist"},"datePublished":"2024-11-07T14:27:37+00:00","dateModified":"2026-03-24T10:07:44+00:00"},{"@type":"WebSite","@id":"https:\/\/quizfragor.se\/en\/#website","url":"https:\/\/quizfragor.se\/en\/","name":"Quizfragor","inLanguage":"en-GB","publisher":{"@id":"https:\/\/quizfragor.se\/en\/#organization"}}]},"og:locale":"en_GB","og:site_name":"Quizfragor -","og:type":"website","og:title":"Kontakt \u2013 Kontakta quizfragor f\u00f6r samarbeten och support","og:description":"Kontakt med quizfragor.se \u2013 H\u00f6r av dig via e-post f\u00f6r samarbeten, support och fr\u00e5gor. Vi svarar snabbt och hj\u00e4lper dig g\u00e4rna med allt kring sportsforums","og:url":"https:\/\/quizfragor.se\/en\/contact\/","og:image":"https:\/\/quizfragor.se\/wp-content\/uploads\/2025\/09\/sportsforum-logo-for-seo.webp","og:image:secure_url":"https:\/\/quizfragor.se\/wp-content\/uploads\/2025\/09\/sportsforum-logo-for-seo.webp","twitter:card":"summary_large_image","twitter:site":"@MarekProch97105","twitter:title":"Kontakt \u2013 Kontakta quizfragor f\u00f6r samarbeten och support","twitter:description":"Kontakt med quizfragor.se \u2013 H\u00f6r av dig via e-post f\u00f6r samarbeten, support och fr\u00e5gor. Vi svarar snabbt och hj\u00e4lper dig g\u00e4rna med allt kring sportsforums","twitter:creator":"@MarekProch97105","twitter:image":"https:\/\/quizfragor.se\/wp-content\/uploads\/2025\/09\/sportsforum-logo-for-seo.webp"},"aioseo_meta_data":{"post_id":"10310","title":"Contact - Contact quizfragor for co-operation and support","description":"Contact with quizfragor.se - Contact us by e-mail for co-operation, support and questions. We respond quickly and are happy to help you with everything about sports forums","keywords":null,"keyphrases":{"focus":{"keyphrase":"Kontakt","score":80,"analysis":{"keyphraseInTitle":{"score":9,"maxScore":9,"error":0},"keyphraseInDescription":{"score":9,"maxScore":9,"error":0},"keyphraseLength":{"score":9,"maxScore":9,"error":0,"length":1},"keyphraseInURL":{"score":5,"maxScore":5,"error":0},"keyphraseInIntroduction":{"score":3,"maxScore":9,"error":1},"keyphraseInSubHeadings":{"score":3,"maxScore":9,"error":1},"keyphraseInImageAlt":[],"keywordDensity":{"type":"best","score":9,"maxScore":9,"error":0}}},"additional":[]},"primary_term":null,"canonical_url":null,"og_title":null,"og_description":null,"og_object_type":"website","og_image_type":"default","og_image_url":null,"og_image_width":null,"og_image_height":null,"og_image_custom_url":null,"og_image_custom_fields":null,"og_video":"","og_custom_url":null,"og_article_section":null,"og_article_tags":null,"twitter_use_og":false,"twitter_card":"default","twitter_image_type":"default","twitter_image_url":null,"twitter_image_custom_url":null,"twitter_image_custom_fields":null,"twitter_title":null,"twitter_description":null,"schema":{"blockGraphs":[],"customGraphs":[],"default":{"data":{"Article":[],"Course":[],"Dataset":[],"FAQPage":[],"Movie":[],"Person":[],"Product":[],"ProductReview":[],"Car":[],"Recipe":[],"Service":[],"SoftwareApplication":[],"WebPage":[]},"graphName":"WebPage","isEnabled":true},"graphs":[]},"schema_type":"default","schema_type_options":null,"pillar_content":false,"robots_default":true,"robots_noindex":false,"robots_noarchive":false,"robots_nosnippet":false,"robots_nofollow":false,"robots_noimageindex":false,"robots_noodp":false,"robots_notranslate":false,"robots_max_snippet":"-1","robots_max_videopreview":"-1","robots_max_imagepreview":"large","priority":null,"frequency":"default","local_seo":null,"limit_modified_date":false,"reviewed_by":null,"open_ai":{"title":{"suggestions":[],"usage":0},"description":{"suggestions":[],"usage":0}},"created":"2024-11-07 14:24:37","updated":"2026-03-24 10:15:32"},"aioseo_breadcrumb":"<div class=\"aioseo-breadcrumbs\"><span class=\"aioseo-breadcrumb\">\n\t<a href=\"https:\/\/quizfragor.se\/en\" title=\"Hem\">Hem<\/a>\n<\/span><span class=\"aioseo-breadcrumb-separator\">&gt;<\/span><span class=\"aioseo-breadcrumb\">\n\tKontakt\n<\/span><\/div>","aioseo_breadcrumb_json":[{"label":"Hem","link":"https:\/\/quizfragor.se\/en"},{"label":"Kontakt","link":"https:\/\/quizfragor.se\/en\/contact\/"}],"_links":{"self":[{"href":"https:\/\/quizfragor.se\/en\/wp-json\/wp\/v2\/pages\/10310","targetHints":{"allow":["GET"]}}],"collection":[{"href":"https:\/\/quizfragor.se\/en\/wp-json\/wp\/v2\/pages"}],"about":[{"href":"https:\/\/quizfragor.se\/en\/wp-json\/wp\/v2\/types\/page"}],"author":[{"embeddable":true,"href":"https:\/\/quizfragor.se\/en\/wp-json\/wp\/v2\/users\/7"}],"replies":[{"embeddable":true,"href":"https:\/\/quizfragor.se\/en\/wp-json\/wp\/v2\/comments?post=10310"}],"version-history":[{"count":2,"href":"https:\/\/quizfragor.se\/en\/wp-json\/wp\/v2\/pages\/10310\/revisions"}],"predecessor-version":[{"id":15287,"href":"https:\/\/quizfragor.se\/en\/wp-json\/wp\/v2\/pages\/10310\/revisions\/15287"}],"wp:attachment":[{"href":"https:\/\/quizfragor.se\/en\/wp-json\/wp\/v2\/media?parent=10310"}],"curies":[{"name":"wp","href":"https:\/\/api.w.org\/{rel}","templated":true}]}}