{"id":10562,"date":"2024-11-26T16:56:34","date_gmt":"2024-11-26T16:56:34","guid":{"rendered":"https:\/\/quizfragor.se\/?page_id=10562"},"modified":"2025-12-11T17:40:53","modified_gmt":"2025-12-11T17:40:53","slug":"sitemap","status":"publish","type":"page","link":"https:\/\/quizfragor.se\/en\/sitemap\/","title":{"rendered":"Site map"},"content":{"rendered":"<div id=\"fws_69e4ef985e596\"  data-column-margin=\"default\" data-midnight=\"dark\"  class=\"wpb_row vc_row-fluid vc_row\"  style=\"padding-top: 0px; padding-bottom: 0px; \"><div class=\"row-bg-wrap\" data-bg-animation=\"none\" data-bg-animation-delay=\"\" data-bg-overlay=\"false\"><div class=\"inner-wrap row-bg-layer\" ><div class=\"row-bg viewport-desktop\"  style=\"\"><\/div><\/div><\/div><div class=\"row_col_wrap_12 col span_12 dark left\">\n\t<div  class=\"vc_col-sm-12 wpb_column column_container vc_column_container col no-extra-padding inherit_tablet inherit_phone\"  data-padding-pos=\"all\" data-has-bg-color=\"false\" data-bg-color=\"\" data-bg-opacity=\"1\" data-animation=\"\" data-delay=\"0\" >\n\t\t<div class=\"vc_column-inner\" >\n\t\t\t<div class=\"wpb_wrapper\">\n\t\t\t\t\n<div class=\"wpb_text_column wpb_content_element\" >\n\t<div class=\"wpb_wrapper\">\n\t\t<div class=\"aioseo-breadcrumbs\"><span class=\"aioseo-breadcrumb\">\n\tHome\n<\/span><\/div>\n\t<\/div>\n<\/div>\n\n\n\n\n\t\t\t<\/div> \n\t\t<\/div>\n\t<\/div> \n<\/div><\/div>\n\t\t<div id=\"fws_69e4ef985f044\"  data-column-margin=\"default\" data-midnight=\"dark\"  class=\"wpb_row vc_row-fluid vc_row\"  style=\"padding-top: 0px; padding-bottom: 0px; \"><div class=\"row-bg-wrap\" data-bg-animation=\"none\" data-bg-animation-delay=\"\" data-bg-overlay=\"false\"><div class=\"inner-wrap row-bg-layer\" ><div class=\"row-bg viewport-desktop\"  style=\"\"><\/div><\/div><\/div><div class=\"row_col_wrap_12 col span_12 dark left\">\n\t<div  class=\"vc_col-sm-12 wpb_column column_container vc_column_container col no-extra-padding inherit_tablet inherit_phone\"  data-padding-pos=\"all\" data-has-bg-color=\"false\" data-bg-color=\"\" data-bg-opacity=\"1\" data-animation=\"\" data-delay=\"0\" >\n\t\t<div class=\"vc_column-inner\" >\n\t\t\t<div class=\"wpb_wrapper\">\n\t\t\t\t<h1 style=\"text-align: left\" class=\"vc_custom_heading vc_do_custom_heading\" >Site map<\/h1>\n\t\t\t<\/div> \n\t\t<\/div>\n\t<\/div> \n<\/div><\/div>\n\t\t<div id=\"fws_69e4ef985f2b5\"  data-column-margin=\"none\" data-midnight=\"dark\"  class=\"wpb_row vc_row-fluid vc_row\"  style=\"padding-top: 0px; padding-bottom: 0px; \"><div class=\"row-bg-wrap\" data-bg-animation=\"none\" data-bg-animation-delay=\"\" data-bg-overlay=\"false\"><div class=\"inner-wrap row-bg-layer\" ><div class=\"row-bg viewport-desktop\"  style=\"\"><\/div><\/div><\/div><div class=\"row_col_wrap_12 col span_12 dark left\">\n\t<div  class=\"vc_col-sm-12 wpb_column column_container vc_column_container col no-extra-padding inherit_tablet inherit_phone\"  data-padding-pos=\"all\" data-has-bg-color=\"false\" data-bg-color=\"\" data-bg-opacity=\"1\" data-animation=\"\" data-delay=\"0\" >\n\t\t<div class=\"vc_column-inner\" >\n\t\t\t<div class=\"wpb_wrapper\">\n\t\t\t\t\n<div class=\"wpb_text_column wpb_content_element\" >\n\t<div class=\"wpb_wrapper\">\n\t\t<div class=\"aioseo-html-sitemap\"><style>.aioseo-html-sitemap.labels-hidden ul { margin: 0; }<\/style><div class=\"aioseo-html-post-sitemap\"><h4>Posts<\/h4><ul><li><a href=\"https:\/\/quizfragor.se\/en\/fagans-bar-and-restaurant\/\" >FAGANS<\/a><\/li><li><a href=\"https:\/\/quizfragor.se\/en\/bagpipers-inn-pub-quiz-stockholm\/\" >BAGPIPERS INN<\/a><\/li><li><a href=\"https:\/\/quizfragor.se\/en\/happy-rhinoceros\/\" >GLADA STINSEN<\/a><\/li><li><a href=\"https:\/\/quizfragor.se\/en\/brooklyn-bar\/\" >BAR BROOKLYN<\/a><\/li><li><a href=\"https:\/\/quizfragor.se\/en\/swedish-cultural-personalities\/\" >SWEDISH FAMOUS PERSONALITIES<\/a><\/li><li><a href=\"https:\/\/quizfragor.se\/en\/human-rights\/\" >HUMAN RIGHTS<\/a><\/li><li><a href=\"https:\/\/quizfragor.se\/en\/music-festivals\/\" >MUSIC FESTIVALS<\/a><\/li><li><a href=\"https:\/\/quizfragor.se\/en\/film-and-television-music\/\" >FILM AND TELEVISION MUSIC<\/a><\/li><li><a href=\"https:\/\/quizfragor.se\/en\/classic-rock-songs\/\" >CLASSIC ROCK SONGS<\/a><\/li><li><a href=\"https:\/\/quizfragor.se\/en\/80s-music\/\" >80'S MUSIC<\/a><\/li><li><a href=\"https:\/\/quizfragor.se\/en\/swedish-hip-hop-and-rap-hits\/\" >SWEDISH HIP HOP AND RAP HITS<\/a><\/li><li><a href=\"https:\/\/quizfragor.se\/en\/swedish-dance-bands-and-dancefloor-hits\/\" >SWEDISH DANCE BANDS AND DANCEFLOOR HITS<\/a><\/li><li><a href=\"https:\/\/quizfragor.se\/en\/swedish-eurovision-and-mello-hits\/\" >SWEDISH EUROVISION AND MELLO HITS<\/a><\/li><li><a href=\"https:\/\/quizfragor.se\/en\/swedish-edm-and-house-hits\/\" >SWEDISH EDM AND HOUSE HITS<\/a><\/li><li><a href=\"https:\/\/quizfragor.se\/en\/hockey-world-cup-2025\/\" >HOCKEY WORLD CUP 2025<\/a><\/li><li><a href=\"https:\/\/quizfragor.se\/en\/womens-football-world-cup-2023\/\" >WOMEN'S FOOTBALL WORLD CUP 2023<\/a><\/li><li><a href=\"https:\/\/quizfragor.se\/en\/handball-world-cup\/\" >WORLD HANDBALL CHAMPIONSHIP<\/a><\/li><li><a href=\"https:\/\/quizfragor.se\/en\/ski-world-cup-2025\/\" >SKID WORLD CUP 2025<\/a><\/li><li><a href=\"https:\/\/quizfragor.se\/en\/wirstroms-pub\/\" >WIRSTR\u00d6MS PUB<\/a><\/li><li><a href=\"https:\/\/quizfragor.se\/en\/the-bishop-arms\/\" >THE BISHOPS ARMS<\/a><\/li><li><a href=\"https:\/\/quizfragor.se\/en\/thirsty-heart\/\" >HEART OF SODERS<\/a><\/li><li><a href=\"https:\/\/quizfragor.se\/en\/90s-music\/\" >90'S MUSIC<\/a><\/li><li><a href=\"https:\/\/quizfragor.se\/en\/roskilde-festival\/\" >ROSKILDE FESTIVAL<\/a><\/li><li><a href=\"https:\/\/quizfragor.se\/en\/roskilde\/\" >ROSKILDE<\/a><\/li><li><a href=\"https:\/\/quizfragor.se\/en\/ballbreaker-kungsholmen\/\" >BALLBREAKER KUNGSHOLMEN<\/a><\/li><li><a href=\"https:\/\/quizfragor.se\/en\/radio-gotland\/\" >RADIO GOTLAND<\/a><\/li><li><a href=\"https:\/\/quizfragor.se\/en\/music-fragrance\/\" >MUSIC MATTERS<\/a><\/li><li><a href=\"https:\/\/quizfragor.se\/en\/stupid-questions-quiz\/\" >STUPID QUESTIONS QUIZ<\/a><\/li><li><a href=\"https:\/\/quizfragor.se\/en\/malmo-ff-players\/\" >MALM\u00d6 FF PLAYERS<\/a><\/li><li><a href=\"https:\/\/quizfragor.se\/en\/biggest-sports-in-the-world\/\" >BIGGEST SPORTS IN THE WORLD<\/a><\/li><li><a href=\"https:\/\/quizfragor.se\/en\/malmo-ff-matches\/\" >MALM\u00d6 FF MATCHES<\/a><\/li><li><a href=\"https:\/\/quizfragor.se\/en\/olstugan-customs\/\" >BEER HALL CUSTOMS<\/a><\/li><li><a href=\"https:\/\/quizfragor.se\/en\/brewdog-kungsholmen\/\" >BREWDOG KUNGSHOLMEN<\/a><\/li><li><a href=\"https:\/\/quizfragor.se\/en\/beer-n-play\/\" >BEER N PLAY<\/a><\/li><li><a href=\"https:\/\/quizfragor.se\/en\/old-beefeater-inn\/\" >OLD BEEFEATER INN<\/a><\/li><li><a href=\"https:\/\/quizfragor.se\/en\/the-liffey\/\" >THE LIFFEY<\/a><\/li><li><a href=\"https:\/\/quizfragor.se\/en\/the-grey-hunter\/\" >THE GREEN HUNTER<\/a><\/li><li><a href=\"https:\/\/quizfragor.se\/en\/kappa-bar\/\" >KAPPA BAR<\/a><\/li><li><a href=\"https:\/\/quizfragor.se\/en\/southside-pub\/\" >SOUTHSIDE PUB<\/a><\/li><li><a href=\"https:\/\/quizfragor.se\/en\/60s-music\/\" >60'S MUSIC<\/a><\/li><li><a href=\"https:\/\/quizfragor.se\/en\/allsvenskan-table-2022\/\" >ALLSVENSKAN TABLE 2022<\/a><\/li><li><a href=\"https:\/\/quizfragor.se\/en\/down-under-bar\/\" >DOWN UNDER BAR<\/a><\/li><li><a href=\"https:\/\/quizfragor.se\/en\/kville-billiard-bar-cook\/\" >KVILLE BILLIARD BAR &amp; KITCHEN<\/a><\/li><li><a href=\"https:\/\/quizfragor.se\/en\/nordic-sports-bar\/\" >NORDIC SPORTS BAR<\/a><\/li><li><a href=\"https:\/\/quizfragor.se\/en\/gg-bar\/\" >GG BAR<\/a><\/li><li><a href=\"https:\/\/quizfragor.se\/en\/freight-transport\/\" >QUIZ<\/a><\/li><li><a href=\"https:\/\/quizfragor.se\/en\/fun-quiz-questions\/\" >FUN QUIZ QUESTIONS<\/a><\/li><li><a href=\"https:\/\/quizfragor.se\/en\/70s-music\/\" >70'S MUSIC<\/a><\/li><li><a href=\"https:\/\/quizfragor.se\/en\/50-speech-music\/\" >50'S MUSIC<\/a><\/li><li><a href=\"https:\/\/quizfragor.se\/en\/earth-day-quiz\/\" >EARTH DAY QUIZ<\/a><\/li><li><a href=\"https:\/\/quizfragor.se\/en\/what-human-feeling-are-you-quiz\/\" >WHAT HUMAN FEELING ARE YOU QUIZ<\/a><\/li><li><a href=\"https:\/\/quizfragor.se\/en\/gator-for-children\/\" >WALKS FOR CHILDREN<\/a><\/li><li><a href=\"https:\/\/quizfragor.se\/en\/10-question-quiz\/\" >10-QUESTION QUIZ<\/a><\/li><li><a href=\"https:\/\/quizfragor.se\/en\/fun-streets\/\" >ROLIGA STREETS<\/a><\/li><li><a href=\"https:\/\/quizfragor.se\/en\/fun-questions-to-ask\/\" >FUN QUESTIONS TO ASK<\/a><\/li><li><a href=\"https:\/\/quizfragor.se\/en\/christmas-trivia-quiz\/\" >QUIZ QUESTIONS ABOUT CHRISTMAS<\/a><\/li><li><a href=\"https:\/\/quizfragor.se\/en\/football-questions-for-children\/\" >FOOTBALL ISSUES FOR CHILDREN<\/a><\/li><li><a href=\"https:\/\/quizfragor.se\/en\/time-round-questions-about-the-birthday-child\/\" >TIME ROUND QUESTIONS ABOUT THE BIRTHDAY CHILD<\/a><\/li><li><a href=\"https:\/\/quizfragor.se\/en\/funny-shames-for-children\/\" >FUNNY JOKES FOR CHILDREN<\/a><\/li><li><a href=\"https:\/\/quizfragor.se\/en\/fun-quiz-questions-2\/\" >FUN QUIZ QUESTIONS<\/a><\/li><li><a href=\"https:\/\/quizfragor.se\/en\/geography-quiz\/\" >GEOGRAPHY QUIZ<\/a><\/li><li><a href=\"https:\/\/quizfragor.se\/en\/narcissist\/\" >NARCISSIST<\/a><\/li><li><a href=\"https:\/\/quizfragor.se\/en\/fun-quiz-questions-and-answers\/\" >FUN QUIZ QUESTIONS AND ANSWERS<\/a><\/li><li><a href=\"https:\/\/quizfragor.se\/en\/fun-quiz-questions-for-a-party\/\" >FUN QUIZ QUESTIONS FOR A PARTY<\/a><\/li><li><a href=\"https:\/\/quizfragor.se\/en\/seterra-europe\/\" >SETERRA EUROPA<\/a><\/li><li><a href=\"https:\/\/quizfragor.se\/en\/seterra\/\" >SETERRA<\/a><\/li><li><a href=\"https:\/\/quizfragor.se\/en\/all-european-capitals\/\" >ALL EUROPEAN CAPITALS<\/a><\/li><li><a href=\"https:\/\/quizfragor.se\/en\/swedish-pop-and-rock\/\" >SWEDISH POP AND ROCK<\/a><\/li><li><a href=\"https:\/\/quizfragor.se\/en\/world-map-lander\/\" >WORLD MAP COUNTRIES<\/a><\/li><li><a href=\"https:\/\/quizfragor.se\/en\/freesport-general-education\/\" >GENERAL KNOWLEDGE QUIZ<\/a><\/li><li><a href=\"https:\/\/quizfragor.se\/en\/what-should-i-work-on\/\" >WHAT SHOULD I WORK ON?<\/a><\/li><li><a href=\"https:\/\/quizfragor.se\/en\/personality-test\/\" >PERSONALITY TEST<\/a><\/li><li><a href=\"https:\/\/quizfragor.se\/en\/ova-pa-recruitment-test\/\" >PRACTISE RECRUITMENT TESTS<\/a><\/li><li><a href=\"https:\/\/quizfragor.se\/en\/map-of-europe\/\" >MAP OF EUROPE<\/a><\/li><li><a href=\"https:\/\/quizfragor.se\/en\/flags-of-the-world\/\" >FLAGS OF THE WORLD<\/a><\/li><li><a href=\"https:\/\/quizfragor.se\/en\/lets-you-see-the-flags-of-europe\/\" >LEARN THE FLAGS OF EUROPE<\/a><\/li><li><a href=\"https:\/\/quizfragor.se\/en\/cities-in-sweden\/\" >CITIES IN SWEDEN<\/a><\/li><li><a href=\"https:\/\/quizfragor.se\/en\/south-america-map\/\" >SOUTH AMERICA MAP<\/a><\/li><li><a href=\"https:\/\/quizfragor.se\/en\/africa-map\/\" >AFRICA MAP<\/a><\/li><li><a href=\"https:\/\/quizfragor.se\/en\/fun-quizzes\/\" >ROLIGA QUIZ<\/a><\/li><li><a href=\"https:\/\/quizfragor.se\/en\/pickwick-pub\/\" >PICKWICK PUB<\/a><\/li><li><a href=\"https:\/\/quizfragor.se\/en\/olearys-jarntorget\/\" >O'LEARYS IRON SQUARE<\/a><\/li><li><a href=\"https:\/\/quizfragor.se\/en\/spotify-music-quiz\/\" >SPOTIFY MUSIC QUIZ<\/a><\/li><li><a href=\"https:\/\/quizfragor.se\/en\/music-quiz\/\" >MUSIC QUIZ<\/a><\/li><li><a href=\"https:\/\/quizfragor.se\/en\/christmas-music-quiz\/\" >JULY MUSIC QUIZ<\/a><\/li><li><a href=\"https:\/\/quizfragor.se\/en\/music-quiz-for-children\/\" >MUSIC QUIZ CHILDREN<\/a><\/li><li><a href=\"https:\/\/quizfragor.se\/en\/music-quiz-with-foljdfragor\/\" >MUSIC QUIZ WITH FOLLOW-UP QUESTIONS<\/a><\/li><\/ul><\/div><br \/><div class=\"aioseo-html-page-sitemap\"><h4>Pages<\/h4><ul><li><a href=\"https:\/\/quizfragor.se\/en\/\" >Home page<\/a><\/li><li><a href=\"https:\/\/quizfragor.se\/en\/about-quizfragor\/\" >About Quizfragor<\/a><\/li><li><a href=\"https:\/\/quizfragor.se\/en\/conditions-and-rules\/\" >Conditions and rules<\/a><\/li><li><a href=\"https:\/\/quizfragor.se\/en\/contact\/\" >Contact us<\/a><\/li><li><a href=\"https:\/\/quizfragor.se\/en\/cookiepolicy-for-quizfragor-se\/\" >Cookie policy for Quizfragor.se<\/a><\/li><li><a href=\"https:\/\/quizfragor.se\/en\/sitemap\/\" >Site map<\/a><\/li><li><a href=\"https:\/\/quizfragor.se\/en\/dictionary\/\" >Quiz dictionary<\/a><\/li><li><a href=\"https:\/\/quizfragor.se\/en\/privacy-policy-for-quizfragor\/\" >Privacy policy for Quizfragor<\/a><\/li><li><a href=\"https:\/\/quizfragor.se\/en\/all-categories\/\" >All categories<\/a><\/li><\/ul><\/div><br \/><div class=\"aioseo-html-inlaggsforfattare-sitemap\"><h4>Post Authors<\/h4><ul><li><a href=\"https:\/\/quizfragor.se\/en\/contributing-author\/marek-prochazka\/\" >Mr Marek Proch\u00e1zka<\/a><\/li><\/ul><\/div><br \/><\/div>\n\t<\/div>\n<\/div>\n\n\n\n\n\t\t\t<\/div> \n\t\t<\/div>\n\t<\/div> \n<\/div><\/div>","protected":false},"excerpt":{"rendered":"Hem Webbplatskarta PostsFAGANSBAGPIPERS INNGLADA STINSENBAR BROOKLYNSVENSKA K\u00c4NDA PERSONLIGHETERHUMAN RIGHTSMUSIKFESTIVALERFILM- OCH TV-MUSIKKLASSISKA ROCKL\u00c5TAR80-TALSMUSIKSVENSK HIPHOP OCH RAPHITSSVENSKA DANSBAND OCH DANSBANEHITSSVENSKA EUROVISION- OCH MELLO-HITSSVENSKA EDM- OCH HOUSEHITSHOCKEY VM 2025FOTBOLLS-VM F\u00d6R DAMER 2023HANDBOLLS VMSKID VM 2025WIRSTR\u00d6MS PUBTHE BISHOPS ARMSS\u00d6DERS HJ\u00c4RTA90-TALSMUSIKROSKILDE FESTIVALROSKILDEBALLBREAKER KUNGSHOLMENRADIO GOTLANDMUSIKFR\u00c5GORDUMMA FR\u00c5GAR QUIZMALM\u00d6 FF SPELARE\u200bST\u00d6RSTA SPORTERNA I V\u00c4RLDEN\u200bMALM\u00d6 FF MATCHER\u00d6LSTUGAN TULLENBREWDOG KUNGSHOLMENBEER N PLAYOLD BEEFEATER INNTHE LIFFEYDEN GR\u00d6NE J\u00c4GARENKAPPA BARSOUTHSIDE PUB60-TALSMUSIKALLSVENSKAN TABELL 2022\u200bDOWN UNDER BARKVILLE BILJARD BAR &#038; K\u00d6KNORDIC SPORTSBARGG BARFR\u00c5GESPORTROLIGA QUIZ-FR\u00c5GOR70-TALSMUSIK50-TALSMUSIKJORDENS...","protected":false},"author":7,"featured_media":0,"parent":0,"menu_order":0,"comment_status":"closed","ping_status":"closed","template":"","meta":{"_acf_changed":false,"inline_featured_image":false,"_glsr_average":0,"_glsr_ranking":0,"_glsr_reviews":0,"footnotes":""},"class_list":["post-10562","page","type-page","status-publish"],"acf":[],"aioseo_notices":[],"aioseo_head":"\n\t\t<!-- All in One SEO Pro 4.8.1.1 - aioseo.com -->\n\t<meta name=\"description\" content=\"Webbplatskarta F\u00e5 \u00f6versikt \u00f6ver alla quiz, kategorier och fr\u00e5gor p\u00e5 Quizfragor.se. Hitta snabbt rolig fr\u00e5gesport och quiz att spela direkt online.\" \/>\n\t<meta name=\"robots\" content=\"max-image-preview:large\" \/>\n\t<link rel=\"canonical\" href=\"https:\/\/quizfragor.se\/en\/sitemap\/\" \/>\n\t<meta name=\"generator\" content=\"All in One SEO Pro (AIOSEO) 4.8.1.1\" \/>\n\t\t<meta property=\"og:locale\" content=\"en_GB\" \/>\n\t\t<meta property=\"og:site_name\" content=\"Quizfragor -\" \/>\n\t\t<meta property=\"og:type\" content=\"article\" \/>\n\t\t<meta property=\"og:title\" content=\"Webbplatskarta Quizfragor.se | Hitta snabbt bland quiz\" \/>\n\t\t<meta property=\"og:description\" content=\"Webbplatskarta F\u00e5 \u00f6versikt \u00f6ver alla quiz, kategorier och fr\u00e5gor p\u00e5 Quizfragor.se. Hitta snabbt rolig fr\u00e5gesport och quiz att spela direkt online.\" \/>\n\t\t<meta property=\"og:url\" content=\"https:\/\/quizfragor.se\/en\/sitemap\/\" \/>\n\t\t<meta property=\"og:image\" content=\"https:\/\/quizfragor.se\/wp-content\/uploads\/2025\/09\/sportsforum-logo-for-seo.webp\" \/>\n\t\t<meta property=\"og:image:secure_url\" content=\"https:\/\/quizfragor.se\/wp-content\/uploads\/2025\/09\/sportsforum-logo-for-seo.webp\" \/>\n\t\t<meta property=\"article:published_time\" content=\"2024-11-26T16:56:34+00:00\" \/>\n\t\t<meta property=\"article:modified_time\" content=\"2025-12-11T17:40:53+00:00\" \/>\n\t\t<meta name=\"twitter:card\" content=\"summary_large_image\" \/>\n\t\t<meta name=\"twitter:site\" content=\"@MarekProch97105\" \/>\n\t\t<meta name=\"twitter:title\" content=\"Webbplatskarta Quizfragor.se | Hitta snabbt bland quiz\" \/>\n\t\t<meta name=\"twitter:description\" content=\"Webbplatskarta F\u00e5 \u00f6versikt \u00f6ver alla quiz, kategorier och fr\u00e5gor p\u00e5 Quizfragor.se. Hitta snabbt rolig fr\u00e5gesport och quiz att spela direkt online.\" \/>\n\t\t<meta name=\"twitter:creator\" content=\"@MarekProch97105\" \/>\n\t\t<meta name=\"twitter:image\" content=\"https:\/\/quizfragor.se\/wp-content\/uploads\/2025\/09\/sportsforum-logo-for-seo.webp\" \/>\n\t\t<script type=\"application\/ld+json\" class=\"aioseo-schema\">\n\t\t\t{\"@context\":\"https:\\\/\\\/schema.org\",\"@graph\":[{\"@type\":\"BreadcrumbList\",\"@id\":\"https:\\\/\\\/quizfragor.se\\\/en\\\/sitemap\\\/#breadcrumblist\",\"itemListElement\":[{\"@type\":\"ListItem\",\"@id\":\"https:\\\/\\\/quizfragor.se\\\/en\\\/#listItem\",\"position\":1,\"name\":\"Home\",\"item\":\"https:\\\/\\\/quizfragor.se\\\/en\\\/\",\"nextItem\":{\"@type\":\"ListItem\",\"@id\":\"https:\\\/\\\/quizfragor.se\\\/en\\\/sitemap\\\/#listItem\",\"name\":\"Webbplatskarta\"}},{\"@type\":\"ListItem\",\"@id\":\"https:\\\/\\\/quizfragor.se\\\/en\\\/sitemap\\\/#listItem\",\"position\":2,\"name\":\"Webbplatskarta\",\"previousItem\":{\"@type\":\"ListItem\",\"@id\":\"https:\\\/\\\/quizfragor.se\\\/en\\\/#listItem\",\"name\":\"Home\"}}]},{\"@type\":\"Organization\",\"@id\":\"https:\\\/\\\/quizfragor.se\\\/en\\\/#organization\",\"name\":\"Quizfragor\",\"url\":\"https:\\\/\\\/quizfragor.se\\\/en\\\/\",\"sameAs\":[\"https:\\\/\\\/x.com\\\/MarekProch97105\",\"https:\\\/\\\/www.linkedin.com\\\/in\\\/marek-prochzka-a44875328\\\/\"]},{\"@type\":\"WebPage\",\"@id\":\"https:\\\/\\\/quizfragor.se\\\/en\\\/sitemap\\\/#webpage\",\"url\":\"https:\\\/\\\/quizfragor.se\\\/en\\\/sitemap\\\/\",\"name\":\"Webbplatskarta Quizfragor.se | Hitta snabbt bland quiz\",\"description\":\"Webbplatskarta F\\u00e5 \\u00f6versikt \\u00f6ver alla quiz, kategorier och fr\\u00e5gor p\\u00e5 Quizfragor.se. Hitta snabbt rolig fr\\u00e5gesport och quiz att spela direkt online.\",\"inLanguage\":\"en-GB\",\"isPartOf\":{\"@id\":\"https:\\\/\\\/quizfragor.se\\\/en\\\/#website\"},\"breadcrumb\":{\"@id\":\"https:\\\/\\\/quizfragor.se\\\/en\\\/sitemap\\\/#breadcrumblist\"},\"datePublished\":\"2024-11-26T16:56:34+00:00\",\"dateModified\":\"2025-12-11T17:40:53+00:00\"},{\"@type\":\"WebSite\",\"@id\":\"https:\\\/\\\/quizfragor.se\\\/en\\\/#website\",\"url\":\"https:\\\/\\\/quizfragor.se\\\/en\\\/\",\"name\":\"Quizfragor\",\"inLanguage\":\"en-GB\",\"publisher\":{\"@id\":\"https:\\\/\\\/quizfragor.se\\\/en\\\/#organization\"}}]}\n\t\t<\/script>\n\t\t<!-- All in One SEO Pro -->\r\n\t\t<title>Webbplatskarta Quizfragor.se | Hitta snabbt bland quiz<\/title>\n\n","aioseo_head_json":{"title":"Quizfragor.se sitemap | Find quizzes quickly","description":"Sitemap Get an overview of all quizzes, categories and questions on Quizfragor.se. Quickly find fun quizzes and quizzes to play directly online.","canonical_url":"https:\/\/quizfragor.se\/en\/sitemap\/","robots":"max-image-preview:large","keywords":"","webmasterTools":{"miscellaneous":""},"schema":{"@context":"https:\/\/schema.org","@graph":[{"@type":"BreadcrumbList","@id":"https:\/\/quizfragor.se\/en\/sitemap\/#breadcrumblist","itemListElement":[{"@type":"ListItem","@id":"https:\/\/quizfragor.se\/en\/#listItem","position":1,"name":"Home","item":"https:\/\/quizfragor.se\/en\/","nextItem":{"@type":"ListItem","@id":"https:\/\/quizfragor.se\/en\/sitemap\/#listItem","name":"Webbplatskarta"}},{"@type":"ListItem","@id":"https:\/\/quizfragor.se\/en\/sitemap\/#listItem","position":2,"name":"Webbplatskarta","previousItem":{"@type":"ListItem","@id":"https:\/\/quizfragor.se\/en\/#listItem","name":"Home"}}]},{"@type":"Organization","@id":"https:\/\/quizfragor.se\/en\/#organization","name":"Quizfragor","url":"https:\/\/quizfragor.se\/en\/","sameAs":["https:\/\/x.com\/MarekProch97105","https:\/\/www.linkedin.com\/in\/marek-prochzka-a44875328\/"]},{"@type":"WebPage","@id":"https:\/\/quizfragor.se\/en\/sitemap\/#webpage","url":"https:\/\/quizfragor.se\/en\/sitemap\/","name":"Webbplatskarta Quizfragor.se | Hitta snabbt bland quiz","description":"Webbplatskarta F\u00e5 \u00f6versikt \u00f6ver alla quiz, kategorier och fr\u00e5gor p\u00e5 Quizfragor.se. Hitta snabbt rolig fr\u00e5gesport och quiz att spela direkt online.","inLanguage":"en-GB","isPartOf":{"@id":"https:\/\/quizfragor.se\/en\/#website"},"breadcrumb":{"@id":"https:\/\/quizfragor.se\/en\/sitemap\/#breadcrumblist"},"datePublished":"2024-11-26T16:56:34+00:00","dateModified":"2025-12-11T17:40:53+00:00"},{"@type":"WebSite","@id":"https:\/\/quizfragor.se\/en\/#website","url":"https:\/\/quizfragor.se\/en\/","name":"Quizfragor","inLanguage":"en-GB","publisher":{"@id":"https:\/\/quizfragor.se\/en\/#organization"}}]},"og:locale":"en_GB","og:site_name":"Quizfragor -","og:type":"article","og:title":"Webbplatskarta Quizfragor.se | Hitta snabbt bland quiz","og:description":"Webbplatskarta F\u00e5 \u00f6versikt \u00f6ver alla quiz, kategorier och fr\u00e5gor p\u00e5 Quizfragor.se. Hitta snabbt rolig fr\u00e5gesport och quiz att spela direkt online.","og:url":"https:\/\/quizfragor.se\/en\/sitemap\/","og:image":"https:\/\/quizfragor.se\/wp-content\/uploads\/2025\/09\/sportsforum-logo-for-seo.webp","og:image:secure_url":"https:\/\/quizfragor.se\/wp-content\/uploads\/2025\/09\/sportsforum-logo-for-seo.webp","article:published_time":"2024-11-26T16:56:34+00:00","article:modified_time":"2025-12-11T17:40:53+00:00","twitter:card":"summary_large_image","twitter:site":"@MarekProch97105","twitter:title":"Webbplatskarta Quizfragor.se | Hitta snabbt bland quiz","twitter:description":"Webbplatskarta F\u00e5 \u00f6versikt \u00f6ver alla quiz, kategorier och fr\u00e5gor p\u00e5 Quizfragor.se. Hitta snabbt rolig fr\u00e5gesport och quiz att spela direkt online.","twitter:creator":"@MarekProch97105","twitter:image":"https:\/\/quizfragor.se\/wp-content\/uploads\/2025\/09\/sportsforum-logo-for-seo.webp"},"aioseo_meta_data":{"post_id":"10562","title":"Quizfragor.se sitemap | Find quizzes quickly","description":"Sitemap Get an overview of all quizzes, categories and questions on Quizfragor.se. Quickly find fun quizzes and quizzes to play directly online.","keywords":null,"keyphrases":{"focus":{"keyphrase":"Webbplatskarta","score":88,"analysis":{"keyphraseInTitle":{"score":9,"maxScore":9,"error":0},"keyphraseInDescription":{"score":9,"maxScore":9,"error":0},"keyphraseLength":{"score":9,"maxScore":9,"error":0,"length":1},"keyphraseInURL":{"score":5,"maxScore":5,"error":0},"keyphraseInIntroduction":{"score":3,"maxScore":9,"error":1},"keyphraseInSubHeadings":[],"keyphraseInImageAlt":[],"keywordDensity":{"type":"best","score":9,"maxScore":9,"error":0}}},"additional":[]},"primary_term":null,"canonical_url":null,"og_title":null,"og_description":null,"og_object_type":"default","og_image_type":"default","og_image_url":null,"og_image_width":null,"og_image_height":null,"og_image_custom_url":null,"og_image_custom_fields":null,"og_video":"","og_custom_url":null,"og_article_section":null,"og_article_tags":null,"twitter_use_og":false,"twitter_card":"default","twitter_image_type":"default","twitter_image_url":null,"twitter_image_custom_url":null,"twitter_image_custom_fields":null,"twitter_title":null,"twitter_description":null,"schema":{"blockGraphs":[],"customGraphs":[],"default":{"data":{"Article":[],"Course":[],"Dataset":[],"FAQPage":[],"Movie":[],"Person":[],"Product":[],"ProductReview":[],"Car":[],"Recipe":[],"Service":[],"SoftwareApplication":[],"WebPage":[]},"graphName":"WebPage","isEnabled":true},"graphs":[]},"schema_type":"default","schema_type_options":null,"pillar_content":false,"robots_default":true,"robots_noindex":false,"robots_noarchive":false,"robots_nosnippet":false,"robots_nofollow":false,"robots_noimageindex":false,"robots_noodp":false,"robots_notranslate":false,"robots_max_snippet":"-1","robots_max_videopreview":"-1","robots_max_imagepreview":"large","priority":null,"frequency":"default","local_seo":null,"limit_modified_date":false,"reviewed_by":null,"open_ai":{"title":{"suggestions":[],"usage":0},"description":{"suggestions":[],"usage":0}},"created":"2024-11-26 16:56:34","updated":"2025-12-11 17:48:15"},"aioseo_breadcrumb":"<div class=\"aioseo-breadcrumbs\"><span class=\"aioseo-breadcrumb\">\n\t<a href=\"https:\/\/quizfragor.se\/en\" title=\"Hem\">Hem<\/a>\n<\/span><span class=\"aioseo-breadcrumb-separator\">&gt;<\/span><span class=\"aioseo-breadcrumb\">\n\tWebbplatskarta\n<\/span><\/div>","aioseo_breadcrumb_json":[{"label":"Hem","link":"https:\/\/quizfragor.se\/en"},{"label":"Webbplatskarta","link":"https:\/\/quizfragor.se\/en\/sitemap\/"}],"_links":{"self":[{"href":"https:\/\/quizfragor.se\/en\/wp-json\/wp\/v2\/pages\/10562","targetHints":{"allow":["GET"]}}],"collection":[{"href":"https:\/\/quizfragor.se\/en\/wp-json\/wp\/v2\/pages"}],"about":[{"href":"https:\/\/quizfragor.se\/en\/wp-json\/wp\/v2\/types\/page"}],"author":[{"embeddable":true,"href":"https:\/\/quizfragor.se\/en\/wp-json\/wp\/v2\/users\/7"}],"replies":[{"embeddable":true,"href":"https:\/\/quizfragor.se\/en\/wp-json\/wp\/v2\/comments?post=10562"}],"version-history":[{"count":1,"href":"https:\/\/quizfragor.se\/en\/wp-json\/wp\/v2\/pages\/10562\/revisions"}],"predecessor-version":[{"id":13970,"href":"https:\/\/quizfragor.se\/en\/wp-json\/wp\/v2\/pages\/10562\/revisions\/13970"}],"wp:attachment":[{"href":"https:\/\/quizfragor.se\/en\/wp-json\/wp\/v2\/media?parent=10562"}],"curies":[{"name":"wp","href":"https:\/\/api.w.org\/{rel}","templated":true}]}}