{"id":11232,"date":"2025-01-16T11:26:45","date_gmt":"2025-01-16T11:26:45","guid":{"rendered":"https:\/\/quizfragor.se\/?page_id=11232"},"modified":"2026-02-20T21:06:11","modified_gmt":"2026-02-20T21:06:11","slug":"dictionary","status":"publish","type":"page","link":"https:\/\/quizfragor.se\/en\/dictionary\/","title":{"rendered":"Quiz dictionary"},"content":{"rendered":"<div id=\"fws_69e4ef613165f\"  data-column-margin=\"none\" data-midnight=\"dark\"  class=\"wpb_row vc_row-fluid vc_row\"  style=\"padding-top: 0px; padding-bottom: 0px; \"><div class=\"row-bg-wrap\" data-bg-animation=\"none\" data-bg-animation-delay=\"\" data-bg-overlay=\"false\"><div class=\"inner-wrap row-bg-layer\" ><div class=\"row-bg viewport-desktop\"  style=\"\"><\/div><\/div><\/div><div class=\"row_col_wrap_12 col span_12 dark left\">\n\t<div  class=\"vc_col-sm-12 wpb_column column_container vc_column_container col no-extra-padding inherit_tablet inherit_phone\"  data-padding-pos=\"all\" data-has-bg-color=\"false\" data-bg-color=\"\" data-bg-opacity=\"1\" data-animation=\"\" data-delay=\"0\" >\n\t\t<div class=\"vc_column-inner\" >\n\t\t\t<div class=\"wpb_wrapper\">\n\t\t\t\t<div id=\"fws_69e4ef613189b\" data-midnight=\"\" data-column-margin=\"default\" class=\"wpb_row vc_row-fluid vc_row inner_row\"  style=\"\"><div class=\"row-bg-wrap\"> <div class=\"row-bg\" ><\/div> <\/div><div class=\"row_col_wrap_12_inner col span_12  left\">\n\t<div  class=\"vc_col-sm-12 wpb_column column_container vc_column_container col child_column no-extra-padding inherit_tablet inherit_phone\"   data-padding-pos=\"all\" data-has-bg-color=\"false\" data-bg-color=\"\" data-bg-opacity=\"1\" data-animation=\"\" data-delay=\"0\" >\n\t\t<div class=\"vc_column-inner\" >\n\t\t<div class=\"wpb_wrapper\">\n\t\t\t<h1 style=\"text-align: center\" class=\"vc_custom_heading vc_do_custom_heading\" >Dictionary<\/h1>\n<div class=\"wpb_text_column wpb_content_element\" >\n\t<div class=\"wpb_wrapper\">\n\t\t<h2 style=\"text-align: center;\">Quiz dictionary - terms, concepts and slang in quizzes<\/h2>\n<p style=\"text-align: center;\">In our quiz dictionary you will find explanations of common words, terms and expressions used in quizzes, quizzing and pub quizzes. From different types of questions and scoring systems to quiz slang and funny expressions that crop up during quiz nights<\/p>\n\t<\/div>\n<\/div>\n\n\n\n\n<div class=\"wpb_text_column wpb_content_element\" >\n\t<div class=\"wpb_wrapper\">\n\t\t\t<\/div>\n<\/div>\n\n\n\n\n\t\t<\/div> \n\t<\/div>\n\t<\/div> \n<\/div><\/div><div id=\"fws_69e4ef6131bca\" data-midnight=\"\" data-column-margin=\"default\" class=\"wpb_row vc_row-fluid vc_row inner_row\"  style=\"\"><div class=\"row-bg-wrap\"> <div class=\"row-bg\" ><\/div> <\/div><div class=\"row_col_wrap_12_inner col span_12  left\">\n\t<div  class=\"vc_col-sm-12 wpb_column column_container vc_column_container col child_column no-extra-padding inherit_tablet inherit_phone\"   data-padding-pos=\"all\" data-has-bg-color=\"false\" data-bg-color=\"\" data-bg-opacity=\"1\" data-animation=\"\" data-delay=\"0\" >\n\t\t<div class=\"vc_column-inner\" >\n\t\t<div class=\"wpb_wrapper\">\n\t\t\t\n<div class=\"wpb_text_column wpb_content_element\" >\n\t<div class=\"wpb_wrapper\">\n\t\t<div class=\"wpg-list-wrapper wpg-list-wrapper-template-alphabet\"><div class=\"wpg-list-filter-container\"><div class=\"wpg-list-filter\"><span class=\"wpg-list-filter-row\"><a class=\"filter active\" data-filter=\"all\">All<\/a><a class=\"filter\" data-filter=\".wpg-filter-f\">F<\/a><a class=\"filter\" data-filter=\".wpg-filter-j\">J<\/a><a class=\"filter\" data-filter=\".wpg-filter-k\">K<\/a><\/span><\/div><\/div><div class=\"wpg-list wpg-list-template-four-column\"><div class=\"wpg-list-block wpg-filter-f mix\" data-filter-base=\"f\"><h3 class=\"wpg-list-block-heading\">F<\/h3><ul class=\"wpg-list-items\"><li class=\"wpg-list-item\"><a class=\"wpg-list-item-title\" title=\"Quizzes\" href=\"https:\/\/quizfragor.se\/en\/dictionary\/freight-transport\/\" >Quizzes<\/a><\/li><\/ul><\/div><div class=\"wpg-list-block wpg-filter-j mix\" data-filter-base=\"j\"><h3 class=\"wpg-list-block-heading\">J<\/h3><ul class=\"wpg-list-items\"><li class=\"wpg-list-item\"><a class=\"wpg-list-item-title\" title=\"Christmas Quiz 2023\" href=\"https:\/\/quizfragor.se\/en\/dictionary\/christmas-quiz-2023\/\" >Christmas Quiz 2023<\/a><\/li><\/ul><\/div><div class=\"wpg-list-block wpg-filter-k mix\" data-filter-base=\"k\"><h3 class=\"wpg-list-block-heading\">K<\/h3><ul class=\"wpg-list-items\"><li class=\"wpg-list-item\"><a class=\"wpg-list-item-title\" title=\"Clearing\" href=\"https:\/\/quizfragor.se\/en\/dictionary\/cleavage\/\" >Clearing<\/a><\/li><li class=\"wpg-list-item\"><a class=\"wpg-list-item-title\" title=\"Kviss\" href=\"https:\/\/quizfragor.se\/en\/dictionary\/pimple\/\" >Kviss<\/a><\/li><\/ul><\/div><\/div><div class=\"wpg-clearfix\"><\/div><\/div>\n\t<\/div>\n<\/div>\n\n\n\n\n\t\t<\/div> \n\t<\/div>\n\t<\/div> \n<\/div><\/div>\n\t\t\t<\/div> \n\t\t<\/div>\n\t<\/div> \n<\/div><\/div>","protected":false},"excerpt":{"rendered":"Kviss Kviss \u2013 En guide till fr\u00e5gespel Kviss (fr\u00e5n engelska quiz) \u00e4r ett fr\u00e5gespel d\u00e4r deltagare svarar p\u00e5 fr\u00e5gor f\u00f6r att samla po\u00e4ng och utse en vinnare. Det kan ske p\u00e5 m\u00e5nga s\u00e4tt \u2013 fr\u00e5n tv-program och pubkv\u00e4llar till familjefester, undervisning och digitala appar. Grundid\u00e9n \u00e4r alltid densamma: n\u00e5gon st\u00e4ller fr\u00e5gor, andra f\u00f6rs\u00f6ker svara, och resultatet blir b\u00e5de underh\u00e5llande och hj\u00e4rngympa. Kviss kan anpassas efter n\u00e4stan alla situationer. Det kan...","protected":false},"author":7,"featured_media":0,"parent":0,"menu_order":0,"comment_status":"closed","ping_status":"closed","template":"","meta":{"_acf_changed":false,"inline_featured_image":false,"_glsr_average":0,"_glsr_ranking":0,"_glsr_reviews":0,"footnotes":""},"class_list":["post-11232","page","type-page","status-publish"],"acf":[],"aioseo_notices":[],"aioseo_head":"\n\t\t<!-- All in One SEO Pro 4.8.1.1 - aioseo.com -->\n\t<meta name=\"description\" content=\"L\u00e4r dig allt om fr\u00e5gesport och kviss: format, pubquiz, tipspromenader, digitala quiz, po\u00e4ngsystem och hur du skapar egna fr\u00e5gesporter.\" \/>\n\t<meta name=\"robots\" content=\"max-image-preview:large\" \/>\n\t<link rel=\"canonical\" href=\"https:\/\/quizfragor.se\/en\/dictionary\/pimple\/\" \/>\n\t<meta name=\"generator\" content=\"All in One SEO Pro (AIOSEO) 4.8.1.1\" \/>\n\t\t<meta property=\"og:locale\" content=\"en_GB\" \/>\n\t\t<meta property=\"og:site_name\" content=\"Quizfragor -\" \/>\n\t\t<meta property=\"og:type\" content=\"article\" \/>\n\t\t<meta property=\"og:title\" content=\"Fr\u00e5gesport och kviss: guide till quiz och pubquiz\" \/>\n\t\t<meta property=\"og:description\" content=\"L\u00e4r dig allt om fr\u00e5gesport och kviss: format, pubquiz, tipspromenader, digitala quiz, po\u00e4ngsystem och hur du skapar egna fr\u00e5gesporter.\" \/>\n\t\t<meta property=\"og:url\" content=\"https:\/\/quizfragor.se\/en\/dictionary\/pimple\/\" \/>\n\t\t<meta property=\"og:image\" content=\"https:\/\/quizfragor.se\/wp-content\/uploads\/2025\/09\/sportsforum-logo-for-seo.webp\" \/>\n\t\t<meta property=\"og:image:secure_url\" content=\"https:\/\/quizfragor.se\/wp-content\/uploads\/2025\/09\/sportsforum-logo-for-seo.webp\" \/>\n\t\t<meta property=\"article:published_time\" content=\"2025-12-11T19:51:27+00:00\" \/>\n\t\t<meta property=\"article:modified_time\" content=\"2026-02-20T20:07:42+00:00\" \/>\n\t\t<meta name=\"twitter:card\" content=\"summary_large_image\" \/>\n\t\t<meta name=\"twitter:site\" content=\"@MarekProch97105\" \/>\n\t\t<meta name=\"twitter:title\" content=\"Fr\u00e5gesport och kviss: guide till quiz och pubquiz\" \/>\n\t\t<meta name=\"twitter:description\" content=\"L\u00e4r dig allt om fr\u00e5gesport och kviss: format, pubquiz, tipspromenader, digitala quiz, po\u00e4ngsystem och hur du skapar egna fr\u00e5gesporter.\" \/>\n\t\t<meta name=\"twitter:creator\" content=\"@MarekProch97105\" \/>\n\t\t<meta name=\"twitter:image\" content=\"https:\/\/quizfragor.se\/wp-content\/uploads\/2025\/09\/sportsforum-logo-for-seo.webp\" \/>\n\t\t<script type=\"application\/ld+json\" class=\"aioseo-schema\">\n\t\t\t{\"@context\":\"https:\\\/\\\/schema.org\",\"@graph\":[{\"@type\":\"BreadcrumbList\",\"@id\":\"https:\\\/\\\/quizfragor.se\\\/en\\\/dictionary\\\/pimple\\\/#breadcrumblist\",\"itemListElement\":[{\"@type\":\"ListItem\",\"@id\":\"https:\\\/\\\/quizfragor.se\\\/en\\\/#listItem\",\"position\":1,\"name\":\"Home\",\"item\":\"https:\\\/\\\/quizfragor.se\\\/en\\\/\",\"nextItem\":{\"@type\":\"ListItem\",\"@id\":\"https:\\\/\\\/quizfragor.se\\\/en\\\/dictionary\\\/pimple\\\/#listItem\",\"name\":\"Kviss\"}},{\"@type\":\"ListItem\",\"@id\":\"https:\\\/\\\/quizfragor.se\\\/en\\\/dictionary\\\/pimple\\\/#listItem\",\"position\":2,\"name\":\"Kviss\",\"previousItem\":{\"@type\":\"ListItem\",\"@id\":\"https:\\\/\\\/quizfragor.se\\\/en\\\/#listItem\",\"name\":\"Home\"}}]},{\"@type\":\"Organization\",\"@id\":\"https:\\\/\\\/quizfragor.se\\\/en\\\/#organization\",\"name\":\"Quizfragor\",\"url\":\"https:\\\/\\\/quizfragor.se\\\/en\\\/\",\"sameAs\":[\"https:\\\/\\\/x.com\\\/MarekProch97105\",\"https:\\\/\\\/www.linkedin.com\\\/in\\\/marek-prochzka-a44875328\\\/\"]},{\"@type\":\"Person\",\"@id\":\"https:\\\/\\\/quizfragor.se\\\/en\\\/inlaggsforfattare\\\/marek-prochazka#author\",\"url\":\"https:\\\/\\\/quizfragor.se\\\/en\\\/inlaggsforfattare\\\/marek-prochazka\",\"name\":\"Marek Prochazka\",\"image\":{\"@type\":\"ImageObject\",\"url\":\"https:\\\/\\\/quizfragor.se\\\/wp-content\\\/uploads\\\/2024\\\/07\\\/cropped-Reduced1_shutterstock_2188071443-1-e1726160946634.jpg\"}},{\"@type\":\"WebPage\",\"@id\":\"https:\\\/\\\/quizfragor.se\\\/en\\\/dictionary\\\/pimple\\\/#webpage\",\"url\":\"https:\\\/\\\/quizfragor.se\\\/en\\\/dictionary\\\/pimple\\\/\",\"name\":\"Fr\\u00e5gesport och kviss: guide till quiz och pubquiz\",\"description\":\"L\\u00e4r dig allt om fr\\u00e5gesport och kviss: format, pubquiz, tipspromenader, digitala quiz, po\\u00e4ngsystem och hur du skapar egna fr\\u00e5gesporter.\",\"inLanguage\":\"en-GB\",\"isPartOf\":{\"@id\":\"https:\\\/\\\/quizfragor.se\\\/en\\\/#website\"},\"breadcrumb\":{\"@id\":\"https:\\\/\\\/quizfragor.se\\\/en\\\/dictionary\\\/pimple\\\/#breadcrumblist\"},\"author\":{\"@id\":\"https:\\\/\\\/quizfragor.se\\\/en\\\/inlaggsforfattare\\\/marek-prochazka#author\"},\"creator\":{\"@id\":\"https:\\\/\\\/quizfragor.se\\\/en\\\/inlaggsforfattare\\\/marek-prochazka#author\"},\"datePublished\":\"2025-12-11T19:51:27+00:00\",\"dateModified\":\"2026-02-20T20:07:42+00:00\"},{\"@type\":\"WebSite\",\"@id\":\"https:\\\/\\\/quizfragor.se\\\/en\\\/#website\",\"url\":\"https:\\\/\\\/quizfragor.se\\\/en\\\/\",\"name\":\"Quizfragor\",\"inLanguage\":\"en-GB\",\"publisher\":{\"@id\":\"https:\\\/\\\/quizfragor.se\\\/en\\\/#organization\"}}]}\n\t\t<\/script>\n\t\t<!-- All in One SEO Pro -->\r\n\t\t<title>Fr\u00e5gesport och kviss: guide till quiz och pubquiz<\/title>\n\n","aioseo_head_json":{"title":"Quizzes and quizzing: guide to quizzes and pub quizzes","description":"Learn all about quizzes and quizzing: formats, pub quizzes, tip walks, digital quizzes, scoring systems and how to create your own quizzes.","canonical_url":"https:\/\/quizfragor.se\/en\/dictionary\/pimple\/","robots":"max-image-preview:large","keywords":"","webmasterTools":{"miscellaneous":""},"schema":{"@context":"https:\/\/schema.org","@graph":[{"@type":"BreadcrumbList","@id":"https:\/\/quizfragor.se\/en\/dictionary\/pimple\/#breadcrumblist","itemListElement":[{"@type":"ListItem","@id":"https:\/\/quizfragor.se\/en\/#listItem","position":1,"name":"Home","item":"https:\/\/quizfragor.se\/en\/","nextItem":{"@type":"ListItem","@id":"https:\/\/quizfragor.se\/en\/dictionary\/pimple\/#listItem","name":"Kviss"}},{"@type":"ListItem","@id":"https:\/\/quizfragor.se\/en\/dictionary\/pimple\/#listItem","position":2,"name":"Kviss","previousItem":{"@type":"ListItem","@id":"https:\/\/quizfragor.se\/en\/#listItem","name":"Home"}}]},{"@type":"Organization","@id":"https:\/\/quizfragor.se\/en\/#organization","name":"Quizfragor","url":"https:\/\/quizfragor.se\/en\/","sameAs":["https:\/\/x.com\/MarekProch97105","https:\/\/www.linkedin.com\/in\/marek-prochzka-a44875328\/"]},{"@type":"Person","@id":"https:\/\/quizfragor.se\/en\/inlaggsforfattare\/marek-prochazka#author","url":"https:\/\/quizfragor.se\/en\/inlaggsforfattare\/marek-prochazka","name":"Marek Prochazka","image":{"@type":"ImageObject","url":"https:\/\/quizfragor.se\/wp-content\/uploads\/2024\/07\/cropped-Reduced1_shutterstock_2188071443-1-e1726160946634.jpg"}},{"@type":"WebPage","@id":"https:\/\/quizfragor.se\/en\/dictionary\/pimple\/#webpage","url":"https:\/\/quizfragor.se\/en\/dictionary\/pimple\/","name":"Fr\u00e5gesport och kviss: guide till quiz och pubquiz","description":"L\u00e4r dig allt om fr\u00e5gesport och kviss: format, pubquiz, tipspromenader, digitala quiz, po\u00e4ngsystem och hur du skapar egna fr\u00e5gesporter.","inLanguage":"en-GB","isPartOf":{"@id":"https:\/\/quizfragor.se\/en\/#website"},"breadcrumb":{"@id":"https:\/\/quizfragor.se\/en\/dictionary\/pimple\/#breadcrumblist"},"author":{"@id":"https:\/\/quizfragor.se\/en\/inlaggsforfattare\/marek-prochazka#author"},"creator":{"@id":"https:\/\/quizfragor.se\/en\/inlaggsforfattare\/marek-prochazka#author"},"datePublished":"2025-12-11T19:51:27+00:00","dateModified":"2026-02-20T20:07:42+00:00"},{"@type":"WebSite","@id":"https:\/\/quizfragor.se\/en\/#website","url":"https:\/\/quizfragor.se\/en\/","name":"Quizfragor","inLanguage":"en-GB","publisher":{"@id":"https:\/\/quizfragor.se\/en\/#organization"}}]},"og:locale":"en_GB","og:site_name":"Quizfragor -","og:type":"article","og:title":"Fr\u00e5gesport och kviss: guide till quiz och pubquiz","og:description":"L\u00e4r dig allt om fr\u00e5gesport och kviss: format, pubquiz, tipspromenader, digitala quiz, po\u00e4ngsystem och hur du skapar egna fr\u00e5gesporter.","og:url":"https:\/\/quizfragor.se\/en\/dictionary\/pimple\/","og:image":"https:\/\/quizfragor.se\/wp-content\/uploads\/2025\/09\/sportsforum-logo-for-seo.webp","og:image:secure_url":"https:\/\/quizfragor.se\/wp-content\/uploads\/2025\/09\/sportsforum-logo-for-seo.webp","article:published_time":"2025-12-11T19:51:27+00:00","article:modified_time":"2026-02-20T20:07:42+00:00","twitter:card":"summary_large_image","twitter:site":"@MarekProch97105","twitter:title":"Fr\u00e5gesport och kviss: guide till quiz och pubquiz","twitter:description":"L\u00e4r dig allt om fr\u00e5gesport och kviss: format, pubquiz, tipspromenader, digitala quiz, po\u00e4ngsystem och hur du skapar egna fr\u00e5gesporter.","twitter:creator":"@MarekProch97105","twitter:image":"https:\/\/quizfragor.se\/wp-content\/uploads\/2025\/09\/sportsforum-logo-for-seo.webp"},"aioseo_meta_data":{"post_id":"11232","title":"Dictionary - quiz terms, concepts and slang at Quizfragor.se","description":"Quiz Questions Dictionary: Discover explanations of key quiz terms, question types, scoring systems and slang used in quizzes, music quizzes and other quiz nights.","keywords":null,"keyphrases":{"focus":{"keyphrase":"Ordbok","score":75,"analysis":{"keyphraseInTitle":{"score":9,"maxScore":9,"error":0},"keyphraseInDescription":{"score":9,"maxScore":9,"error":0},"keyphraseLength":{"score":9,"maxScore":9,"error":0,"length":1},"keyphraseInURL":{"score":5,"maxScore":5,"error":0},"keyphraseInIntroduction":{"score":9,"maxScore":9,"error":0},"keyphraseInSubHeadings":{"score":3,"maxScore":9,"error":1},"keyphraseInImageAlt":[],"keywordDensity":{"type":"high","score":0,"maxScore":9,"error":1}}},"additional":[]},"primary_term":null,"canonical_url":null,"og_title":null,"og_description":null,"og_object_type":"default","og_image_type":"default","og_image_url":null,"og_image_width":null,"og_image_height":null,"og_image_custom_url":null,"og_image_custom_fields":null,"og_video":"","og_custom_url":null,"og_article_section":null,"og_article_tags":null,"twitter_use_og":false,"twitter_card":"default","twitter_image_type":"default","twitter_image_url":null,"twitter_image_custom_url":null,"twitter_image_custom_fields":null,"twitter_title":null,"twitter_description":null,"schema":{"blockGraphs":[],"customGraphs":[],"default":{"data":{"Article":[],"Course":[],"Dataset":[],"FAQPage":[],"Movie":[],"Person":[],"Product":[],"ProductReview":[],"Car":[],"Recipe":[],"Service":[],"SoftwareApplication":[],"WebPage":[]},"graphName":"WebPage","isEnabled":true},"graphs":[]},"schema_type":"default","schema_type_options":null,"pillar_content":false,"robots_default":true,"robots_noindex":false,"robots_noarchive":false,"robots_nosnippet":false,"robots_nofollow":false,"robots_noimageindex":false,"robots_noodp":false,"robots_notranslate":false,"robots_max_snippet":"-1","robots_max_videopreview":"-1","robots_max_imagepreview":"large","priority":null,"frequency":"default","local_seo":null,"limit_modified_date":false,"reviewed_by":null,"open_ai":{"title":{"suggestions":[],"usage":0},"description":{"suggestions":[],"usage":0}},"created":"2025-01-16 11:26:45","updated":"2026-02-20 21:20:41"},"aioseo_breadcrumb":"<div class=\"aioseo-breadcrumbs\"><span class=\"aioseo-breadcrumb\">\n\t<a href=\"https:\/\/quizfragor.se\/en\" title=\"Hem\">Hem<\/a>\n<\/span><span class=\"aioseo-breadcrumb-separator\">&gt;<\/span><span class=\"aioseo-breadcrumb\">\n\tQuiz ordbok\n<\/span><\/div>","aioseo_breadcrumb_json":[{"label":"Hem","link":"https:\/\/quizfragor.se\/en"},{"label":"Quiz ordbok","link":"https:\/\/quizfragor.se\/en\/dictionary\/"}],"_links":{"self":[{"href":"https:\/\/quizfragor.se\/en\/wp-json\/wp\/v2\/pages\/11232","targetHints":{"allow":["GET"]}}],"collection":[{"href":"https:\/\/quizfragor.se\/en\/wp-json\/wp\/v2\/pages"}],"about":[{"href":"https:\/\/quizfragor.se\/en\/wp-json\/wp\/v2\/types\/page"}],"author":[{"embeddable":true,"href":"https:\/\/quizfragor.se\/en\/wp-json\/wp\/v2\/users\/7"}],"replies":[{"embeddable":true,"href":"https:\/\/quizfragor.se\/en\/wp-json\/wp\/v2\/comments?post=11232"}],"version-history":[{"count":6,"href":"https:\/\/quizfragor.se\/en\/wp-json\/wp\/v2\/pages\/11232\/revisions"}],"predecessor-version":[{"id":15273,"href":"https:\/\/quizfragor.se\/en\/wp-json\/wp\/v2\/pages\/11232\/revisions\/15273"}],"wp:attachment":[{"href":"https:\/\/quizfragor.se\/en\/wp-json\/wp\/v2\/media?parent=11232"}],"curies":[{"name":"wp","href":"https:\/\/api.w.org\/{rel}","templated":true}]}}