{"id":11965,"date":"2025-04-24T14:18:29","date_gmt":"2025-04-24T14:18:29","guid":{"rendered":"https:\/\/quizfragor.se\/?page_id=11965"},"modified":"2025-12-08T10:45:38","modified_gmt":"2025-12-08T10:45:38","slug":"privacy-policy-for-quizfragor","status":"publish","type":"page","link":"https:\/\/quizfragor.se\/en\/privacy-policy-for-quizfragor\/","title":{"rendered":"Privacy policy for Quizfragor"},"content":{"rendered":"<div id=\"fws_69e4dbb49f8d2\"  data-column-margin=\"default\" data-midnight=\"dark\"  class=\"wpb_row vc_row-fluid vc_row\"  style=\"padding-top: 0px; padding-bottom: 0px; \"><div class=\"row-bg-wrap\" data-bg-animation=\"none\" data-bg-animation-delay=\"\" data-bg-overlay=\"false\"><div class=\"inner-wrap row-bg-layer\" ><div class=\"row-bg viewport-desktop\"  style=\"\"><\/div><\/div><\/div><div class=\"row_col_wrap_12 col span_12 dark left\">\n\t<div  class=\"vc_col-sm-12 wpb_column column_container vc_column_container col no-extra-padding inherit_tablet inherit_phone\"  data-padding-pos=\"all\" data-has-bg-color=\"false\" data-bg-color=\"\" data-bg-opacity=\"1\" data-animation=\"\" data-delay=\"0\" >\n\t\t<div class=\"vc_column-inner\" >\n\t\t\t<div class=\"wpb_wrapper\">\n\t\t\t\t\n<div class=\"wpb_text_column wpb_content_element\" >\n\t<div class=\"wpb_wrapper\">\n\t\t<div class=\"aioseo-breadcrumbs\"><span class=\"aioseo-breadcrumb\">\n\tHome\n<\/span><\/div>\n\t<\/div>\n<\/div>\n\n\n\n\n\t\t\t<\/div> \n\t\t<\/div>\n\t<\/div> \n<\/div><\/div>\n\t\t<div id=\"fws_69e4dbb49feee\"  data-column-margin=\"default\" data-midnight=\"dark\"  class=\"wpb_row vc_row-fluid vc_row\"  style=\"padding-top: 0px; padding-bottom: 0px; \"><div class=\"row-bg-wrap\" data-bg-animation=\"none\" data-bg-animation-delay=\"\" data-bg-overlay=\"false\"><div class=\"inner-wrap row-bg-layer\" ><div class=\"row-bg viewport-desktop\"  style=\"\"><\/div><\/div><\/div><div class=\"row_col_wrap_12 col span_12 dark left\">\n\t<div  class=\"vc_col-sm-12 wpb_column column_container vc_column_container col no-extra-padding inherit_tablet inherit_phone\"  data-padding-pos=\"all\" data-has-bg-color=\"false\" data-bg-color=\"\" data-bg-opacity=\"1\" data-animation=\"\" data-delay=\"0\" >\n\t\t<div class=\"vc_column-inner\" >\n\t\t\t<div class=\"wpb_wrapper\">\n\t\t\t\t\n<div class=\"wpb_text_column wpb_content_element\" >\n\t<div class=\"wpb_wrapper\">\n\t\t\t<\/div>\n<\/div>\n\n\n\n\n\t\t\t<\/div> \n\t\t<\/div>\n\t<\/div> \n<\/div><\/div>\n\t\t<div id=\"fws_69e4dbb49ffe2\"  data-column-margin=\"default\" data-midnight=\"dark\"  class=\"wpb_row vc_row-fluid vc_row\"  style=\"padding-top: 0px; padding-bottom: 0px; \"><div class=\"row-bg-wrap\" data-bg-animation=\"none\" data-bg-animation-delay=\"\" data-bg-overlay=\"false\"><div class=\"inner-wrap row-bg-layer\" ><div class=\"row-bg viewport-desktop\"  style=\"\"><\/div><\/div><\/div><div class=\"row_col_wrap_12 col span_12 dark left\">\n\t<div  class=\"vc_col-sm-12 wpb_column column_container vc_column_container col no-extra-padding inherit_tablet inherit_phone\"  data-padding-pos=\"all\" data-has-bg-color=\"false\" data-bg-color=\"\" data-bg-opacity=\"1\" data-animation=\"\" data-delay=\"0\" >\n\t\t<div class=\"vc_column-inner\" >\n\t\t\t<div class=\"wpb_wrapper\">\n\t\t\t\t\n<div class=\"wpb_text_column wpb_content_element\" >\n\t<div class=\"wpb_wrapper\">\n\t\t<h1>Personal data policy for Quizfragor.se<\/h1>\n<p>At Quizfragor.se we care about your privacy and the protection of your personal data. This privacy policy describes how we collect, use, store and protect your information in accordance with applicable data protection legislation, including the EU General Data Protection Regulation (GDPR).<\/p>\n<h2>1. the data controller<\/h2>\n<p>Quizfragor.se is the data controller for the processing of your personal data.<\/p>\n<h2>2. What data do we collect?<\/h2>\n<p>We only collect the personal information that is necessary to provide our services and communicate with you. Examples of such information could be:<\/p>\n<ul>\n<li>Name of the organisation<\/li>\n<li>E-mail address<\/li>\n<li>IP address<\/li>\n<li>User behaviour on our website (via cookies)<\/li>\n<\/ul>\n<p>3. purposes of the processing<br \/>\nWe process your personal data for the following purposes:<\/p>\n<p>To provide and improve our services<\/p>\n<p>To answer your questions and communicate with you<\/p>\n<p>To fulfil statutory obligations<\/p>\n<p>To analyse the use of the website via cookies and thus improve your user experience<\/p>\n<h3>4. Legal basis<\/h3>\n<p>The treatment is based on:<\/p>\n<p>Your consent (e.g. when using cookies)<\/p>\n<p>Performance of a contract or preparation of a contract<\/p>\n<p>Our legitimate interest in developing and improving services<\/p>\n<p>Fulfilling legal obligations<\/p>\n<h3>5. Sharing of data<\/h3>\n<p>We will not disclose your personal data to third parties without your explicit consent, unless it is necessary for the performance of a contract or if required by law.<\/p>\n<p>6. storage period<br \/>\nWe only keep your personal data for as long as necessary for the above purposes or as required by law. Normally, data is stored for up to one year after the last contact, unless the law requires longer storage (for example, under the Accounting Act).<\/p>\n<p>7. your rights<br \/>\nYou have the right to:<\/p>\n<p>Request transparency about what data we process about you<\/p>\n<p>Get incorrect data corrected<\/p>\n<p>Request that your data be deleted (under certain conditions)<\/p>\n<p>Restrict or object to processing<\/p>\n<p>Get your data in a machine-readable format (data portability)<\/p>\n<p>Withdrawing consent to the processing of personal data<\/p>\n<p>If you wish to exercise any of these rights, you are welcome to contact us via the contact details on Quizfragor.se.<\/p>\n<h3>8. cookies<\/h3>\n<p>We use cookies to analyse the use of our website and to improve your experience. You can change your cookie settings in your browser at any time.<\/p>\n<div id=\"gtx-trans\" style=\"position: absolute; left: 270px; top: 1779.53px;\">\n<div class=\"gtx-trans-icon\"><\/div>\n<\/div>\n\t<\/div>\n<\/div>\n\n\n\n\n\t\t\t<\/div> \n\t\t<\/div>\n\t<\/div> \n<\/div><\/div>","protected":false},"excerpt":{"rendered":"Hem Personuppgiftspolicy f\u00f6r Quizfragor.se P\u00e5 Quizfragor.se v\u00e4rnar vi om din integritet och skyddet av dina personuppgifter. Denna personuppgiftspolicy beskriver hur vi samlar in, anv\u00e4nder, lagrar och skyddar din information enligt g\u00e4llande dataskyddslagstiftning, inklusive EU:s allm\u00e4nna dataskyddsf\u00f6rordning (GDPR). 1. Personuppgiftsansvarig Quizfragor.se \u00e4r personuppgiftsansvarig f\u00f6r behandlingen av dina personuppgifter. 2. Vilka uppgifter samlar vi in? Vi samlar endast in de personuppgifter som \u00e4r n\u00f6dv\u00e4ndiga f\u00f6r att kunna erbjuda v\u00e5ra tj\u00e4nster och kommunicera...","protected":false},"author":7,"featured_media":0,"parent":0,"menu_order":0,"comment_status":"closed","ping_status":"closed","template":"","meta":{"_acf_changed":false,"inline_featured_image":false,"_glsr_average":0,"_glsr_ranking":0,"_glsr_reviews":0,"footnotes":""},"class_list":["post-11965","page","type-page","status-publish"],"acf":[],"aioseo_notices":[],"aioseo_head":"\n\t\t<!-- All in One SEO Pro 4.8.1.1 - aioseo.com -->\n\t<meta name=\"description\" content=\"Personuppgiftspolicy f\u00f6r Quizfragor f\u00f6rklarar hur vi samlar in, anv\u00e4nder och skyddar dina personuppgifter i enlighet med GDPR och dina r\u00e4ttigheter.\" \/>\n\t<meta name=\"robots\" content=\"max-image-preview:large\" \/>\n\t<link rel=\"canonical\" href=\"https:\/\/quizfragor.se\/en\/privacy-policy-for-quizfragor\/\" \/>\n\t<meta name=\"generator\" content=\"All in One SEO Pro (AIOSEO) 4.8.1.1\" \/>\n\t\t<meta property=\"og:locale\" content=\"en_GB\" \/>\n\t\t<meta property=\"og:site_name\" content=\"Quizfragor -\" \/>\n\t\t<meta property=\"og:type\" content=\"website\" \/>\n\t\t<meta property=\"og:title\" content=\"Personuppgiftspolicy \u2013S\u00e5 skyddar Quizfragor dina uppgifter\" \/>\n\t\t<meta property=\"og:description\" content=\"Personuppgiftspolicy f\u00f6r Quizfragor f\u00f6rklarar hur vi samlar in, anv\u00e4nder och skyddar dina personuppgifter i enlighet med GDPR och dina r\u00e4ttigheter.\" \/>\n\t\t<meta property=\"og:url\" content=\"https:\/\/quizfragor.se\/en\/privacy-policy-for-quizfragor\/\" \/>\n\t\t<meta property=\"og:image\" content=\"https:\/\/quizfragor.se\/wp-content\/uploads\/2025\/09\/sportsforum-logo-for-seo.webp\" \/>\n\t\t<meta property=\"og:image:secure_url\" content=\"https:\/\/quizfragor.se\/wp-content\/uploads\/2025\/09\/sportsforum-logo-for-seo.webp\" \/>\n\t\t<meta name=\"twitter:card\" content=\"summary_large_image\" \/>\n\t\t<meta name=\"twitter:site\" content=\"@MarekProch97105\" \/>\n\t\t<meta name=\"twitter:title\" content=\"Personuppgiftspolicy \u2013S\u00e5 skyddar Quizfragor dina uppgifter\" \/>\n\t\t<meta name=\"twitter:description\" content=\"Personuppgiftspolicy f\u00f6r Quizfragor f\u00f6rklarar hur vi samlar in, anv\u00e4nder och skyddar dina personuppgifter i enlighet med GDPR och dina r\u00e4ttigheter.\" \/>\n\t\t<meta name=\"twitter:creator\" content=\"@MarekProch97105\" \/>\n\t\t<meta name=\"twitter:image\" content=\"https:\/\/quizfragor.se\/wp-content\/uploads\/2025\/09\/sportsforum-logo-for-seo.webp\" \/>\n\t\t<script type=\"application\/ld+json\" class=\"aioseo-schema\">\n\t\t\t{\"@context\":\"https:\\\/\\\/schema.org\",\"@graph\":[{\"@type\":\"BreadcrumbList\",\"@id\":\"https:\\\/\\\/quizfragor.se\\\/en\\\/privacy-policy-for-quizfragor\\\/#breadcrumblist\",\"itemListElement\":[{\"@type\":\"ListItem\",\"@id\":\"https:\\\/\\\/quizfragor.se\\\/en\\\/#listItem\",\"position\":1,\"name\":\"Home\",\"item\":\"https:\\\/\\\/quizfragor.se\\\/en\\\/\",\"nextItem\":{\"@type\":\"ListItem\",\"@id\":\"https:\\\/\\\/quizfragor.se\\\/en\\\/privacy-policy-for-quizfragor\\\/#listItem\",\"name\":\"Personuppgiftspolicy f\\u00f6r Quizfragor\"}},{\"@type\":\"ListItem\",\"@id\":\"https:\\\/\\\/quizfragor.se\\\/en\\\/privacy-policy-for-quizfragor\\\/#listItem\",\"position\":2,\"name\":\"Personuppgiftspolicy f\\u00f6r Quizfragor\",\"previousItem\":{\"@type\":\"ListItem\",\"@id\":\"https:\\\/\\\/quizfragor.se\\\/en\\\/#listItem\",\"name\":\"Home\"}}]},{\"@type\":\"Organization\",\"@id\":\"https:\\\/\\\/quizfragor.se\\\/en\\\/#organization\",\"name\":\"Quizfragor\",\"url\":\"https:\\\/\\\/quizfragor.se\\\/en\\\/\",\"sameAs\":[\"https:\\\/\\\/x.com\\\/MarekProch97105\",\"https:\\\/\\\/www.linkedin.com\\\/in\\\/marek-prochzka-a44875328\\\/\"]},{\"@type\":\"WebPage\",\"@id\":\"https:\\\/\\\/quizfragor.se\\\/en\\\/privacy-policy-for-quizfragor\\\/#webpage\",\"url\":\"https:\\\/\\\/quizfragor.se\\\/en\\\/privacy-policy-for-quizfragor\\\/\",\"name\":\"Personuppgiftspolicy \\u2013S\\u00e5 skyddar Quizfragor dina uppgifter\",\"description\":\"Personuppgiftspolicy f\\u00f6r Quizfragor f\\u00f6rklarar hur vi samlar in, anv\\u00e4nder och skyddar dina personuppgifter i enlighet med GDPR och dina r\\u00e4ttigheter.\",\"inLanguage\":\"en-GB\",\"isPartOf\":{\"@id\":\"https:\\\/\\\/quizfragor.se\\\/en\\\/#website\"},\"breadcrumb\":{\"@id\":\"https:\\\/\\\/quizfragor.se\\\/en\\\/privacy-policy-for-quizfragor\\\/#breadcrumblist\"},\"datePublished\":\"2025-04-24T14:18:29+00:00\",\"dateModified\":\"2025-12-08T10:45:38+00:00\"},{\"@type\":\"WebSite\",\"@id\":\"https:\\\/\\\/quizfragor.se\\\/en\\\/#website\",\"url\":\"https:\\\/\\\/quizfragor.se\\\/en\\\/\",\"name\":\"Quizfragor\",\"inLanguage\":\"en-GB\",\"publisher\":{\"@id\":\"https:\\\/\\\/quizfragor.se\\\/en\\\/#organization\"}}]}\n\t\t<\/script>\n\t\t<!-- All in One SEO Pro -->\r\n\t\t<title>Personuppgiftspolicy \u2013S\u00e5 skyddar Quizfragor dina uppgifter<\/title>\n\n","aioseo_head_json":{"title":"Privacy Policy - How Quizfragor protects your data","description":"The Quizfragor Privacy Policy explains how we collect, use and protect your personal data in accordance with the GDPR and your rights.","canonical_url":"https:\/\/quizfragor.se\/en\/privacy-policy-for-quizfragor\/","robots":"max-image-preview:large","keywords":"","webmasterTools":{"miscellaneous":""},"schema":{"@context":"https:\/\/schema.org","@graph":[{"@type":"BreadcrumbList","@id":"https:\/\/quizfragor.se\/en\/privacy-policy-for-quizfragor\/#breadcrumblist","itemListElement":[{"@type":"ListItem","@id":"https:\/\/quizfragor.se\/en\/#listItem","position":1,"name":"Home","item":"https:\/\/quizfragor.se\/en\/","nextItem":{"@type":"ListItem","@id":"https:\/\/quizfragor.se\/en\/privacy-policy-for-quizfragor\/#listItem","name":"Personuppgiftspolicy f\u00f6r Quizfragor"}},{"@type":"ListItem","@id":"https:\/\/quizfragor.se\/en\/privacy-policy-for-quizfragor\/#listItem","position":2,"name":"Personuppgiftspolicy f\u00f6r Quizfragor","previousItem":{"@type":"ListItem","@id":"https:\/\/quizfragor.se\/en\/#listItem","name":"Home"}}]},{"@type":"Organization","@id":"https:\/\/quizfragor.se\/en\/#organization","name":"Quizfragor","url":"https:\/\/quizfragor.se\/en\/","sameAs":["https:\/\/x.com\/MarekProch97105","https:\/\/www.linkedin.com\/in\/marek-prochzka-a44875328\/"]},{"@type":"WebPage","@id":"https:\/\/quizfragor.se\/en\/privacy-policy-for-quizfragor\/#webpage","url":"https:\/\/quizfragor.se\/en\/privacy-policy-for-quizfragor\/","name":"Personuppgiftspolicy \u2013S\u00e5 skyddar Quizfragor dina uppgifter","description":"Personuppgiftspolicy f\u00f6r Quizfragor f\u00f6rklarar hur vi samlar in, anv\u00e4nder och skyddar dina personuppgifter i enlighet med GDPR och dina r\u00e4ttigheter.","inLanguage":"en-GB","isPartOf":{"@id":"https:\/\/quizfragor.se\/en\/#website"},"breadcrumb":{"@id":"https:\/\/quizfragor.se\/en\/privacy-policy-for-quizfragor\/#breadcrumblist"},"datePublished":"2025-04-24T14:18:29+00:00","dateModified":"2025-12-08T10:45:38+00:00"},{"@type":"WebSite","@id":"https:\/\/quizfragor.se\/en\/#website","url":"https:\/\/quizfragor.se\/en\/","name":"Quizfragor","inLanguage":"en-GB","publisher":{"@id":"https:\/\/quizfragor.se\/en\/#organization"}}]},"og:locale":"en_GB","og:site_name":"Quizfragor -","og:type":"website","og:title":"Personuppgiftspolicy \u2013S\u00e5 skyddar Quizfragor dina uppgifter","og:description":"Personuppgiftspolicy f\u00f6r Quizfragor f\u00f6rklarar hur vi samlar in, anv\u00e4nder och skyddar dina personuppgifter i enlighet med GDPR och dina r\u00e4ttigheter.","og:url":"https:\/\/quizfragor.se\/en\/privacy-policy-for-quizfragor\/","og:image":"https:\/\/quizfragor.se\/wp-content\/uploads\/2025\/09\/sportsforum-logo-for-seo.webp","og:image:secure_url":"https:\/\/quizfragor.se\/wp-content\/uploads\/2025\/09\/sportsforum-logo-for-seo.webp","twitter:card":"summary_large_image","twitter:site":"@MarekProch97105","twitter:title":"Personuppgiftspolicy \u2013S\u00e5 skyddar Quizfragor dina uppgifter","twitter:description":"Personuppgiftspolicy f\u00f6r Quizfragor f\u00f6rklarar hur vi samlar in, anv\u00e4nder och skyddar dina personuppgifter i enlighet med GDPR och dina r\u00e4ttigheter.","twitter:creator":"@MarekProch97105","twitter:image":"https:\/\/quizfragor.se\/wp-content\/uploads\/2025\/09\/sportsforum-logo-for-seo.webp"},"aioseo_meta_data":{"post_id":"11965","title":"Privacy Policy - How Quizfragor protects your data","description":"The Quizfragor Privacy Policy explains how we collect, use and protect your personal data in accordance with the GDPR and your rights.","keywords":null,"keyphrases":{"focus":{"keyphrase":"Personuppgiftspolicy","score":68,"analysis":{"keyphraseInTitle":{"score":9,"maxScore":9,"error":0},"keyphraseInDescription":{"score":9,"maxScore":9,"error":0},"keyphraseLength":{"score":9,"maxScore":9,"error":0,"length":1},"keyphraseInURL":{"score":1,"maxScore":5,"error":1},"keyphraseInIntroduction":{"score":9,"maxScore":9,"error":0},"keyphraseInSubHeadings":{"score":3,"maxScore":9,"error":1},"keyphraseInImageAlt":[],"keywordDensity":{"score":0,"type":"low","maxScore":9,"error":1}}},"additional":[]},"primary_term":null,"canonical_url":null,"og_title":null,"og_description":null,"og_object_type":"website","og_image_type":"default","og_image_url":null,"og_image_width":null,"og_image_height":null,"og_image_custom_url":null,"og_image_custom_fields":null,"og_video":"","og_custom_url":null,"og_article_section":null,"og_article_tags":null,"twitter_use_og":false,"twitter_card":"default","twitter_image_type":"default","twitter_image_url":null,"twitter_image_custom_url":null,"twitter_image_custom_fields":null,"twitter_title":null,"twitter_description":null,"schema":{"blockGraphs":[],"customGraphs":[],"default":{"data":{"Article":[],"Course":[],"Dataset":[],"FAQPage":[],"Movie":[],"Person":[],"Product":[],"ProductReview":[],"Car":[],"Recipe":[],"Service":[],"SoftwareApplication":[],"WebPage":[]},"graphName":"WebPage","isEnabled":true},"graphs":[]},"schema_type":"default","schema_type_options":null,"pillar_content":false,"robots_default":true,"robots_noindex":false,"robots_noarchive":false,"robots_nosnippet":false,"robots_nofollow":false,"robots_noimageindex":false,"robots_noodp":false,"robots_notranslate":false,"robots_max_snippet":"-1","robots_max_videopreview":"-1","robots_max_imagepreview":"large","priority":null,"frequency":"default","local_seo":null,"limit_modified_date":false,"reviewed_by":null,"open_ai":{"title":{"suggestions":[],"usage":0},"description":{"suggestions":[],"usage":0}},"created":"2025-04-24 14:17:12","updated":"2025-12-08 10:47:39"},"aioseo_breadcrumb":"<div class=\"aioseo-breadcrumbs\"><span class=\"aioseo-breadcrumb\">\n\t<a href=\"https:\/\/quizfragor.se\/en\" title=\"Hem\">Hem<\/a>\n<\/span><span class=\"aioseo-breadcrumb-separator\">&gt;<\/span><span class=\"aioseo-breadcrumb\">\n\tPersonuppgiftspolicy f\u00f6r Quizfragor\n<\/span><\/div>","aioseo_breadcrumb_json":[{"label":"Hem","link":"https:\/\/quizfragor.se\/en"},{"label":"Personuppgiftspolicy f\u00f6r Quizfragor","link":"https:\/\/quizfragor.se\/en\/privacy-policy-for-quizfragor\/"}],"_links":{"self":[{"href":"https:\/\/quizfragor.se\/en\/wp-json\/wp\/v2\/pages\/11965","targetHints":{"allow":["GET"]}}],"collection":[{"href":"https:\/\/quizfragor.se\/en\/wp-json\/wp\/v2\/pages"}],"about":[{"href":"https:\/\/quizfragor.se\/en\/wp-json\/wp\/v2\/types\/page"}],"author":[{"embeddable":true,"href":"https:\/\/quizfragor.se\/en\/wp-json\/wp\/v2\/users\/7"}],"replies":[{"embeddable":true,"href":"https:\/\/quizfragor.se\/en\/wp-json\/wp\/v2\/comments?post=11965"}],"version-history":[{"count":3,"href":"https:\/\/quizfragor.se\/en\/wp-json\/wp\/v2\/pages\/11965\/revisions"}],"predecessor-version":[{"id":13838,"href":"https:\/\/quizfragor.se\/en\/wp-json\/wp\/v2\/pages\/11965\/revisions\/13838"}],"wp:attachment":[{"href":"https:\/\/quizfragor.se\/en\/wp-json\/wp\/v2\/media?parent=11965"}],"curies":[{"name":"wp","href":"https:\/\/api.w.org\/{rel}","templated":true}]}}