{"id":3,"date":"2024-06-03T10:47:25","date_gmt":"2024-06-03T10:47:25","guid":{"rendered":"https:\/\/quizfragor.se\/?page_id=3"},"modified":"2025-12-08T10:51:55","modified_gmt":"2025-12-08T10:51:55","slug":"conditions-and-rules","status":"publish","type":"page","link":"https:\/\/quizfragor.se\/en\/conditions-and-rules\/","title":{"rendered":"Conditions and rules"},"content":{"rendered":"<div id=\"fws_69e4de0757585\"  data-column-margin=\"default\" data-midnight=\"dark\"  class=\"wpb_row vc_row-fluid vc_row\"  style=\"padding-top: 0px; padding-bottom: 0px; \"><div class=\"row-bg-wrap\" data-bg-animation=\"none\" data-bg-animation-delay=\"\" data-bg-overlay=\"false\"><div class=\"inner-wrap row-bg-layer\" ><div class=\"row-bg viewport-desktop\"  style=\"\"><\/div><\/div><\/div><div class=\"row_col_wrap_12 col span_12 dark left\">\n\t<div  class=\"vc_col-sm-12 wpb_column column_container vc_column_container col no-extra-padding inherit_tablet inherit_phone\"  data-padding-pos=\"all\" data-has-bg-color=\"false\" data-bg-color=\"\" data-bg-opacity=\"1\" data-animation=\"\" data-delay=\"0\" >\n\t\t<div class=\"vc_column-inner\" >\n\t\t\t<div class=\"wpb_wrapper\">\n\t\t\t\t\n<div class=\"wpb_text_column wpb_content_element\" >\n\t<div class=\"wpb_wrapper\">\n\t\t<div class=\"aioseo-breadcrumbs\"><span class=\"aioseo-breadcrumb\">\n\tHome\n<\/span><\/div>\n\t<\/div>\n<\/div>\n\n\n\n\n\t\t\t<\/div> \n\t\t<\/div>\n\t<\/div> \n<\/div><\/div>\n\t\t<div id=\"fws_69e4de0757ca5\"  data-column-margin=\"default\" data-midnight=\"dark\"  class=\"wpb_row vc_row-fluid vc_row\"  style=\"padding-top: 0px; padding-bottom: 0px; \"><div class=\"row-bg-wrap\" data-bg-animation=\"none\" data-bg-animation-delay=\"\" data-bg-overlay=\"false\"><div class=\"inner-wrap row-bg-layer\" ><div class=\"row-bg viewport-desktop\"  style=\"\"><\/div><\/div><\/div><div class=\"row_col_wrap_12 col span_12 dark left\">\n\t<div  class=\"vc_col-sm-12 wpb_column column_container vc_column_container col no-extra-padding inherit_tablet inherit_phone\"  data-padding-pos=\"all\" data-has-bg-color=\"false\" data-bg-color=\"\" data-bg-opacity=\"1\" data-animation=\"\" data-delay=\"0\" >\n\t\t<div class=\"vc_column-inner\" >\n\t\t\t<div class=\"wpb_wrapper\">\n\t\t\t\t\n<div class=\"wpb_text_column wpb_content_element\" >\n\t<div class=\"wpb_wrapper\">\n\t\t<h1>Terms and conditions for Quizfragor.se<\/h1>\n<p>Welcome to Quizfragor.se! These terms and conditions govern the use of our website and describe your rights and obligations as a user.<\/p>\n<p>By visiting and using Quizfragor.se you accept these terms and conditions in full. If you do not agree to the terms, please refrain from using the site.<\/p>\n<h2><strong>1. definitions<\/strong><\/h2>\n<p>Quizfragor.se refers to this website and its owners and operators.<br \/>\nUser, you and your refers to the person who visits and uses the website.<br \/>\nContent includes all text, graphics, images, audio, video, software and other information displayed or provided on Quizfragor.se.<\/p>\n<h3><strong>2. intellectual property rights<\/strong><\/h3>\n<p>All content on Quizfragor.se is protected by copyright and is the property of Quizfragor.se or its licensors, unless otherwise stated. All rights are reserved. You may view and print content for personal use, provided you comply with these terms.<\/p>\n<h3><strong>It is not allowed to:<\/strong><\/h3>\n<p>Publish, sell, rent, licence, copy or distribute the content without the express permission of Quizfragor.se.<\/p>\n<h3><strong>3. responsibility of the user<\/strong><\/h3>\n<p>You undertake not to use the website in a way that could damage, impair or interfere with its functioning or availability. The use must not be in breach of the law or in a fraudulent or harmful manner.<\/p>\n<h3><strong>4. disclaimer of liability<\/strong><\/h3>\n<p>The content of Quizfragor.se is provided for general information and does not constitute professional advice. We do not guarantee that the information is complete, accurate or up-to-date. Use of the website content is at your own risk.<\/p>\n<p>Quizfragor.se is an independent platform and generates no revenue through affiliate partnerships. Our reviews and analyses are based on objective assessments.<\/p>\n<h3><strong>5. limitation of liability<\/strong><\/h3>\n<p>Quizfragor.se is not liable for indirect, consequential damages or loss of data or profits that may arise in connection with the use of the website.<\/p>\n<h3><strong>6. external links<\/strong><\/h3>\n<p>The website may contain links to external websites that are not controlled by Quizfragor.se. We are not responsible for the content of these external sites and recommend that you read their terms and privacy policies.<\/p>\n<h3><strong>7. errors and changes<\/strong><\/h3>\n<p>We reserve the right to make technical, typographical or other errors on the website. Quizfragor.se reserves the right to change the content and conditions at any time without prior notice.<\/p>\n<h3><strong>8. applicable law<\/strong><\/h3>\n<p>These terms and conditions are governed by Swedish law. Any disputes shall be settled in Swedish courts.<\/p>\n<h3><strong>9. Changes to the conditions<\/strong><\/h3>\n<p>Quizfragor.se may update these terms at any time. By continuing to use the website, you accept the amended terms.<\/p>\n<h3><strong>10. contact<\/strong><\/h3>\n<p>If you have any questions about these terms and conditions, please contact us using the contact details on Quizfragor.se.<\/p>\n<div id=\"gtx-trans\" style=\"position: absolute; left: 248px; top: 1907.84px;\">\n<div class=\"gtx-trans-icon\"><\/div>\n<\/div>\n\t<\/div>\n<\/div>\n\n\n\n\n\t\t\t<\/div> \n\t\t<\/div>\n\t<\/div> \n<\/div><\/div>","protected":false},"excerpt":{"rendered":"Hem Villkor och best\u00e4mmelser f\u00f6r Quizfragor.se V\u00e4lkommen till Quizfragor.se! Dessa villkor och best\u00e4mmelser reglerar anv\u00e4ndningen av v\u00e5r webbplats och beskriver dina r\u00e4ttigheter och skyldigheter som anv\u00e4ndare. Genom att bes\u00f6ka och anv\u00e4nda Quizfragor.se accepterar du dessa villkor i sin helhet. Om du inte samtycker till villkoren ber vi dig att avst\u00e5 fr\u00e5n att anv\u00e4nda webbplatsen. 1. Definitioner Quizfragor.se avser denna webbplats samt dess \u00e4gare och operat\u00f6rer. Anv\u00e4ndare, du och din avser...","protected":false},"author":7,"featured_media":0,"parent":0,"menu_order":0,"comment_status":"closed","ping_status":"closed","template":"","meta":{"_acf_changed":false,"inline_featured_image":false,"_glsr_average":0,"_glsr_ranking":0,"_glsr_reviews":0,"footnotes":""},"class_list":["post-3","page","type-page","status-publish"],"acf":[],"aioseo_notices":[],"aioseo_head":"\n\t\t<!-- All in One SEO Pro 4.8.1.1 - aioseo.com -->\n\t<meta name=\"description\" content=\"L\u00e4s v\u00e5ra villkor och best\u00e4mmelser f\u00f6r Quizfragor.se. H\u00e4r hittar du reglerna f\u00f6r anv\u00e4ndning av webbplatsen och dina r\u00e4ttigheter som anv\u00e4ndare.\" \/>\n\t<meta name=\"robots\" content=\"max-image-preview:large\" \/>\n\t<link rel=\"canonical\" href=\"https:\/\/quizfragor.se\/en\/conditions-and-rules\/\" \/>\n\t<meta name=\"generator\" content=\"All in One SEO Pro (AIOSEO) 4.8.1.1\" \/>\n\t\t<meta property=\"og:locale\" content=\"en_GB\" \/>\n\t\t<meta property=\"og:site_name\" content=\"Quizfragor -\" \/>\n\t\t<meta property=\"og:type\" content=\"website\" \/>\n\t\t<meta property=\"og:title\" content=\"Villkor och best\u00e4mmelser \u2013 Anv\u00e4ndarvillkor f\u00f6r Quizfragor.se\" \/>\n\t\t<meta property=\"og:description\" content=\"L\u00e4s v\u00e5ra villkor och best\u00e4mmelser f\u00f6r Quizfragor.se. H\u00e4r hittar du reglerna f\u00f6r anv\u00e4ndning av webbplatsen och dina r\u00e4ttigheter som anv\u00e4ndare.\" \/>\n\t\t<meta property=\"og:url\" content=\"https:\/\/quizfragor.se\/en\/conditions-and-rules\/\" \/>\n\t\t<meta property=\"og:image\" content=\"https:\/\/quizfragor.se\/wp-content\/uploads\/2025\/09\/sportsforum-logo-for-seo.webp\" \/>\n\t\t<meta property=\"og:image:secure_url\" content=\"https:\/\/quizfragor.se\/wp-content\/uploads\/2025\/09\/sportsforum-logo-for-seo.webp\" \/>\n\t\t<meta name=\"twitter:card\" content=\"summary_large_image\" \/>\n\t\t<meta name=\"twitter:site\" content=\"@MarekProch97105\" \/>\n\t\t<meta name=\"twitter:title\" content=\"Villkor och best\u00e4mmelser \u2013 Anv\u00e4ndarvillkor f\u00f6r Quizfragor.se\" \/>\n\t\t<meta name=\"twitter:description\" content=\"L\u00e4s v\u00e5ra villkor och best\u00e4mmelser f\u00f6r Quizfragor.se. H\u00e4r hittar du reglerna f\u00f6r anv\u00e4ndning av webbplatsen och dina r\u00e4ttigheter som anv\u00e4ndare.\" \/>\n\t\t<meta name=\"twitter:creator\" content=\"@MarekProch97105\" \/>\n\t\t<meta name=\"twitter:image\" content=\"https:\/\/quizfragor.se\/wp-content\/uploads\/2025\/09\/sportsforum-logo-for-seo.webp\" \/>\n\t\t<script type=\"application\/ld+json\" class=\"aioseo-schema\">\n\t\t\t{\"@context\":\"https:\\\/\\\/schema.org\",\"@graph\":[{\"@type\":\"BreadcrumbList\",\"@id\":\"https:\\\/\\\/quizfragor.se\\\/en\\\/conditions-and-rules\\\/#breadcrumblist\",\"itemListElement\":[{\"@type\":\"ListItem\",\"@id\":\"https:\\\/\\\/quizfragor.se\\\/en\\\/#listItem\",\"position\":1,\"name\":\"Home\",\"item\":\"https:\\\/\\\/quizfragor.se\\\/en\\\/\",\"nextItem\":{\"@type\":\"ListItem\",\"@id\":\"https:\\\/\\\/quizfragor.se\\\/en\\\/conditions-and-rules\\\/#listItem\",\"name\":\"Villkor och regler\"}},{\"@type\":\"ListItem\",\"@id\":\"https:\\\/\\\/quizfragor.se\\\/en\\\/conditions-and-rules\\\/#listItem\",\"position\":2,\"name\":\"Villkor och regler\",\"previousItem\":{\"@type\":\"ListItem\",\"@id\":\"https:\\\/\\\/quizfragor.se\\\/en\\\/#listItem\",\"name\":\"Home\"}}]},{\"@type\":\"Organization\",\"@id\":\"https:\\\/\\\/quizfragor.se\\\/en\\\/#organization\",\"name\":\"Quizfragor\",\"url\":\"https:\\\/\\\/quizfragor.se\\\/en\\\/\",\"sameAs\":[\"https:\\\/\\\/x.com\\\/MarekProch97105\",\"https:\\\/\\\/www.linkedin.com\\\/in\\\/marek-prochzka-a44875328\\\/\"]},{\"@type\":\"WebPage\",\"@id\":\"https:\\\/\\\/quizfragor.se\\\/en\\\/conditions-and-rules\\\/#webpage\",\"url\":\"https:\\\/\\\/quizfragor.se\\\/en\\\/conditions-and-rules\\\/\",\"name\":\"Villkor och best\\u00e4mmelser \\u2013 Anv\\u00e4ndarvillkor f\\u00f6r Quizfragor.se\",\"description\":\"L\\u00e4s v\\u00e5ra villkor och best\\u00e4mmelser f\\u00f6r Quizfragor.se. H\\u00e4r hittar du reglerna f\\u00f6r anv\\u00e4ndning av webbplatsen och dina r\\u00e4ttigheter som anv\\u00e4ndare.\",\"inLanguage\":\"en-GB\",\"isPartOf\":{\"@id\":\"https:\\\/\\\/quizfragor.se\\\/en\\\/#website\"},\"breadcrumb\":{\"@id\":\"https:\\\/\\\/quizfragor.se\\\/en\\\/conditions-and-rules\\\/#breadcrumblist\"},\"datePublished\":\"2024-06-03T10:47:25+00:00\",\"dateModified\":\"2025-12-08T10:51:55+00:00\"},{\"@type\":\"WebSite\",\"@id\":\"https:\\\/\\\/quizfragor.se\\\/en\\\/#website\",\"url\":\"https:\\\/\\\/quizfragor.se\\\/en\\\/\",\"name\":\"Quizfragor\",\"inLanguage\":\"en-GB\",\"publisher\":{\"@id\":\"https:\\\/\\\/quizfragor.se\\\/en\\\/#organization\"}}]}\n\t\t<\/script>\n\t\t<!-- All in One SEO Pro -->\r\n\t\t<title>Villkor och best\u00e4mmelser \u2013 Anv\u00e4ndarvillkor f\u00f6r Quizfragor.se<\/title>\n\n","aioseo_head_json":{"title":"Terms and conditions - Terms of use for Quizfragor.se","description":"Read our terms and conditions for Quizfragor.se. Here you will find the rules for using the site and your rights as a user.","canonical_url":"https:\/\/quizfragor.se\/en\/conditions-and-rules\/","robots":"max-image-preview:large","keywords":"","webmasterTools":{"miscellaneous":""},"schema":{"@context":"https:\/\/schema.org","@graph":[{"@type":"BreadcrumbList","@id":"https:\/\/quizfragor.se\/en\/conditions-and-rules\/#breadcrumblist","itemListElement":[{"@type":"ListItem","@id":"https:\/\/quizfragor.se\/en\/#listItem","position":1,"name":"Home","item":"https:\/\/quizfragor.se\/en\/","nextItem":{"@type":"ListItem","@id":"https:\/\/quizfragor.se\/en\/conditions-and-rules\/#listItem","name":"Villkor och regler"}},{"@type":"ListItem","@id":"https:\/\/quizfragor.se\/en\/conditions-and-rules\/#listItem","position":2,"name":"Villkor och regler","previousItem":{"@type":"ListItem","@id":"https:\/\/quizfragor.se\/en\/#listItem","name":"Home"}}]},{"@type":"Organization","@id":"https:\/\/quizfragor.se\/en\/#organization","name":"Quizfragor","url":"https:\/\/quizfragor.se\/en\/","sameAs":["https:\/\/x.com\/MarekProch97105","https:\/\/www.linkedin.com\/in\/marek-prochzka-a44875328\/"]},{"@type":"WebPage","@id":"https:\/\/quizfragor.se\/en\/conditions-and-rules\/#webpage","url":"https:\/\/quizfragor.se\/en\/conditions-and-rules\/","name":"Villkor och best\u00e4mmelser \u2013 Anv\u00e4ndarvillkor f\u00f6r Quizfragor.se","description":"L\u00e4s v\u00e5ra villkor och best\u00e4mmelser f\u00f6r Quizfragor.se. H\u00e4r hittar du reglerna f\u00f6r anv\u00e4ndning av webbplatsen och dina r\u00e4ttigheter som anv\u00e4ndare.","inLanguage":"en-GB","isPartOf":{"@id":"https:\/\/quizfragor.se\/en\/#website"},"breadcrumb":{"@id":"https:\/\/quizfragor.se\/en\/conditions-and-rules\/#breadcrumblist"},"datePublished":"2024-06-03T10:47:25+00:00","dateModified":"2025-12-08T10:51:55+00:00"},{"@type":"WebSite","@id":"https:\/\/quizfragor.se\/en\/#website","url":"https:\/\/quizfragor.se\/en\/","name":"Quizfragor","inLanguage":"en-GB","publisher":{"@id":"https:\/\/quizfragor.se\/en\/#organization"}}]},"og:locale":"en_GB","og:site_name":"Quizfragor -","og:type":"website","og:title":"Villkor och best\u00e4mmelser \u2013 Anv\u00e4ndarvillkor f\u00f6r Quizfragor.se","og:description":"L\u00e4s v\u00e5ra villkor och best\u00e4mmelser f\u00f6r Quizfragor.se. H\u00e4r hittar du reglerna f\u00f6r anv\u00e4ndning av webbplatsen och dina r\u00e4ttigheter som anv\u00e4ndare.","og:url":"https:\/\/quizfragor.se\/en\/conditions-and-rules\/","og:image":"https:\/\/quizfragor.se\/wp-content\/uploads\/2025\/09\/sportsforum-logo-for-seo.webp","og:image:secure_url":"https:\/\/quizfragor.se\/wp-content\/uploads\/2025\/09\/sportsforum-logo-for-seo.webp","twitter:card":"summary_large_image","twitter:site":"@MarekProch97105","twitter:title":"Villkor och best\u00e4mmelser \u2013 Anv\u00e4ndarvillkor f\u00f6r Quizfragor.se","twitter:description":"L\u00e4s v\u00e5ra villkor och best\u00e4mmelser f\u00f6r Quizfragor.se. H\u00e4r hittar du reglerna f\u00f6r anv\u00e4ndning av webbplatsen och dina r\u00e4ttigheter som anv\u00e4ndare.","twitter:creator":"@MarekProch97105","twitter:image":"https:\/\/quizfragor.se\/wp-content\/uploads\/2025\/09\/sportsforum-logo-for-seo.webp"},"aioseo_meta_data":{"post_id":"3","title":"Terms and conditions - Terms of use for Quizfragor.se","description":"Read our terms and conditions for Quizfragor.se. Here you will find the rules for using the site and your rights as a user.","keywords":null,"keyphrases":{"focus":{"keyphrase":"","score":0,"analysis":{"keyphraseInTitle":{"score":0,"maxScore":9,"error":1}}},"additional":[]},"primary_term":null,"canonical_url":null,"og_title":null,"og_description":null,"og_object_type":"website","og_image_type":"default","og_image_url":null,"og_image_width":null,"og_image_height":null,"og_image_custom_url":null,"og_image_custom_fields":null,"og_video":"","og_custom_url":null,"og_article_section":null,"og_article_tags":null,"twitter_use_og":false,"twitter_card":"default","twitter_image_type":"default","twitter_image_url":null,"twitter_image_custom_url":null,"twitter_image_custom_fields":null,"twitter_title":null,"twitter_description":null,"schema":{"blockGraphs":[],"customGraphs":[],"default":{"data":{"Article":[],"Course":[],"Dataset":[],"FAQPage":[],"Movie":[],"Person":[],"Product":[],"ProductReview":[],"Car":[],"Recipe":[],"Service":[],"SoftwareApplication":[],"WebPage":[]},"graphName":"WebPage","isEnabled":true},"graphs":[]},"schema_type":"default","schema_type_options":null,"pillar_content":false,"robots_default":true,"robots_noindex":false,"robots_noarchive":false,"robots_nosnippet":false,"robots_nofollow":false,"robots_noimageindex":false,"robots_noodp":false,"robots_notranslate":false,"robots_max_snippet":"-1","robots_max_videopreview":"-1","robots_max_imagepreview":"large","priority":null,"frequency":"default","local_seo":null,"limit_modified_date":false,"reviewed_by":null,"open_ai":{"title":{"suggestions":[],"usage":0},"description":{"suggestions":[],"usage":0}},"created":"2024-07-26 14:56:51","updated":"2025-12-08 11:03:21"},"aioseo_breadcrumb":"<div class=\"aioseo-breadcrumbs\"><span class=\"aioseo-breadcrumb\">\n\t<a href=\"https:\/\/quizfragor.se\/en\" title=\"Hem\">Hem<\/a>\n<\/span><span class=\"aioseo-breadcrumb-separator\">&gt;<\/span><span class=\"aioseo-breadcrumb\">\n\tVillkor och regler\n<\/span><\/div>","aioseo_breadcrumb_json":[{"label":"Hem","link":"https:\/\/quizfragor.se\/en"},{"label":"Villkor och regler","link":"https:\/\/quizfragor.se\/en\/conditions-and-rules\/"}],"_links":{"self":[{"href":"https:\/\/quizfragor.se\/en\/wp-json\/wp\/v2\/pages\/3","targetHints":{"allow":["GET"]}}],"collection":[{"href":"https:\/\/quizfragor.se\/en\/wp-json\/wp\/v2\/pages"}],"about":[{"href":"https:\/\/quizfragor.se\/en\/wp-json\/wp\/v2\/types\/page"}],"author":[{"embeddable":true,"href":"https:\/\/quizfragor.se\/en\/wp-json\/wp\/v2\/users\/7"}],"replies":[{"embeddable":true,"href":"https:\/\/quizfragor.se\/en\/wp-json\/wp\/v2\/comments?post=3"}],"version-history":[{"count":1,"href":"https:\/\/quizfragor.se\/en\/wp-json\/wp\/v2\/pages\/3\/revisions"}],"predecessor-version":[{"id":13842,"href":"https:\/\/quizfragor.se\/en\/wp-json\/wp\/v2\/pages\/3\/revisions\/13842"}],"wp:attachment":[{"href":"https:\/\/quizfragor.se\/en\/wp-json\/wp\/v2\/media?parent=3"}],"curies":[{"name":"wp","href":"https:\/\/api.w.org\/{rel}","templated":true}]}}